{"id":111,"date":"2017-01-03T16:34:36","date_gmt":"2017-01-03T16:34:36","guid":{"rendered":"http:\/\/prague.foxthemes.me\/?page_id=111"},"modified":"2024-02-12T09:28:01","modified_gmt":"2024-02-12T09:28:01","slug":"sobrenos","status":"publish","type":"page","link":"https:\/\/signinum.pt\/en\/sobrenos\/","title":{"rendered":"About Us"},"content":{"rendered":"<section class=\"wpb-content-wrapper\"><div data-vc-full-width=\"true\" data-vc-full-width-init=\"false\" data-vc-stretch-content=\"true\" class=\"vc_row wpb_row vc_row-fluid vc_row-no-padding\"><div class=\"wpb_column vc_column_container vc_col-sm-12\"><div class=\"vc_column-inner\"><div class=\"wpb_wrapper\">[vc_banner_title color_style=&#8221;light&#8221; subtitle=&#8221;SOBRE N\u00d3S&#8221; title=&#8221;Desde 2001 a preservar<br \/>\nlegados e mem\u00f3rias&#8221; img=&#8221;3236&#8243; enable_overlay=&#8221;true&#8221; enable_fullheight=&#8221;true&#8221; columns=&#8221;%5B%7B%7D%5D&#8221;][\/vc_banner_title]<\/div><\/div><\/div><\/div><div class=\"vc_row-full-width vc_clearfix\"><\/div><div class=\"vc_row wpb_row vc_row-fluid\"><div class=\"wpb_column vc_column_container vc_col-sm-12\"><div class=\"vc_column-inner\"><div class=\"wpb_wrapper\">[vc_headings]<span style=\"font-weight: 400;\">Signinum, Cultural Heritage Management was born in 2001 to respond to a market that is increasingly demanding in the preservation of heritage legacy and memories. Its purpose is to respond to the entire cycle of heritage management, to make it alive, active and present in people's lives.<\/span><\/p>\n<p><span style=\"font-weight: 400;\">Since its inception, Signinum's main mission has been to think about Conservation and Restoration, developing projects, mainly in buildings with historical interest in urban centers, churches, museums, archaeological centers, charming units with historical value, among others. For Signinum, conservation and restoration are the purest art of bringing back to life the artistic and cultural heritage that surrounds every community.<\/span><\/p>\n<p><span style=\"font-weight: 400;\">In heritage recovery, in addition to the intervention itself, Signinum has developed parallel actions to promote, publicize and raise awareness in the communities where the buildings are located. Making heritage better known is adding value to it. The legacy and memory of the spaces of all and for all.\u00a0<\/span><\/p>\n<p><span style=\"font-weight: 400;\">In addition to the intervention itself, Signinum has undertaken parallel actions to promote, disseminate, and raise awareness among the communities where the buildings are located. Making heritage better known adds value to it. The legacy and memory of these spaces belong to everyone and are meant to be shared with everyone.<\/span>[\/vc_headings]<\/div><\/div><\/div><\/div><div class=\"vc_row wpb_row vc_row-fluid\"><div class=\"wpb_column vc_column_container vc_col-sm-12\"><div class=\"vc_column-inner\"><div class=\"wpb_wrapper\">[vc_headings title=&#8221;Vis\u00e3o&#8221;]Acreditamos que, com o nosso trabalho, podemos tornar o mundo num lugar melhor. Aliando o <i>traditional <\/i>tradicional \u00e0s novas tecnologias, queremos n\u00e3o apenas preservar, mas valorizar o Patrim\u00f3nio e torn\u00e1-lo alcan\u00e7\u00e1vel e fru\u00edvel pelo maior n\u00famero de pessoas poss\u00edvel. Somos como uma m\u00e1quina do tempo, que permite que o patrim\u00f3nio atravesse gera\u00e7\u00f5es, continue vivo e a proporcionar experi\u00eancias positivas e transformadoras a quem o visita.[\/vc_headings][vc_headings title=&#8221;Valores&#8221;]Em todos os trabalhos que desenvolvemos, estes s\u00e3o os principais valores que nos regem: compromisso, respeito, honestidade, sustentabilidade, criatividade, inova\u00e7\u00e3o, educa\u00e7\u00e3o, resili\u00eancia e, claro, qualidade. \u00c9 s\u00f3 assim poss\u00edvel estabelecermos padr\u00f5es que respondam aos desafios atuais. S\u00e3o estas as nossas bases primordiais e pretendemos fomentar, tamb\u00e9m, todos os nossos valores a todos os projetos e intervenientes que lidam connosco.[\/vc_headings][vc_headings title=&#8221;Miss\u00e3o&#8221;]O nosso objetivo \u00e9 que cada uma dessas visitas contribua para o processo de educa\u00e7\u00e3o das comunidades e para a cria\u00e7\u00e3o de novas mem\u00f3rias. N\u00e3o apenas em Portugal, mas em todo o mundo. Tornar o patrim\u00f3nio mais conhecido e acrescentar-lhe valor \u00e9, desde o in\u00edcio, a nossa miss\u00e3o.[\/vc_headings]<\/div><\/div><\/div><\/div><div class=\"vc_row wpb_row vc_row-fluid\"><div class=\"wpb_column vc_column_container vc_col-sm-12\"><div class=\"vc_column-inner\"><div class=\"wpb_wrapper\">[vc_counters image_background=&#8221;3661&#8243; color_figure=&#8221;#666666&#8243; numbers=&#8221;%5B%7B%22number%22%3A%222001%22%2C%22title%22%3A%22Funda%C3%A7%C3%A3o%22%7D%2C%7B%22number%22%3A%22355%22%2C%22title%22%3A%22Clientes%20Satisfeitos%22%7D%2C%7B%22number%22%3A%22327%22%2C%22title%22%3A%22Projetos%20conclu%C3%ADdos%22%7D%2C%7B%22number%22%3A%2211400%22%2C%22title%22%3A%22Seguidores%20nas%20redes%20sociais%22%7D%5D&#8221;]<\/div><\/div><\/div><\/div><div class=\"vc_row wpb_row vc_row-fluid\"><div class=\"wpb_column vc_column_container vc_col-sm-12\"><div class=\"vc_column-inner\"><div class=\"wpb_wrapper\"><div class=\"vc_empty_space\"   style=\"height: 32px\"><span class=\"vc_empty_space_inner\"><\/span><\/div><\/div><\/div><\/div><\/div>\n<\/section>","protected":false},"excerpt":{"rendered":"[vc_banner_title color_style=\"light\" subtitle=\"SOBRE N\u00d3S\" title=\"Desde 2001 a preservar legados e mem\u00f3rias\" img=\"3236\" enable_overlay=\"true\" enable_fullheight=\"true\" columns=\"%5B%7B%7D%5D\"][\/vc_banner_title][vc_headings]A Signinum, Gest\u00e3o de Patrim\u00f3nio Cultural","protected":false},"author":1,"featured_media":0,"parent":0,"menu_order":0,"comment_status":"closed","ping_status":"closed","template":"","meta":{"om_disable_all_campaigns":false,"_monsterinsights_skip_tracking":false,"_monsterinsights_sitenote_active":false,"_monsterinsights_sitenote_note":"","_monsterinsights_sitenote_category":0,"_uf_show_specific_survey":0,"_uf_disable_surveys":false,"footnotes":""},"class_list":["post-111","page","type-page","status-publish","hentry"],"aioseo_notices":[],"featured_image_src":null,"featured_image_src_square":null,"_links":{"self":[{"href":"https:\/\/signinum.pt\/en\/wp-json\/wp\/v2\/pages\/111","targetHints":{"allow":["GET"]}}],"collection":[{"href":"https:\/\/signinum.pt\/en\/wp-json\/wp\/v2\/pages"}],"about":[{"href":"https:\/\/signinum.pt\/en\/wp-json\/wp\/v2\/types\/page"}],"author":[{"embeddable":true,"href":"https:\/\/signinum.pt\/en\/wp-json\/wp\/v2\/users\/1"}],"replies":[{"embeddable":true,"href":"https:\/\/signinum.pt\/en\/wp-json\/wp\/v2\/comments?post=111"}],"version-history":[{"count":16,"href":"https:\/\/signinum.pt\/en\/wp-json\/wp\/v2\/pages\/111\/revisions"}],"predecessor-version":[{"id":3939,"href":"https:\/\/signinum.pt\/en\/wp-json\/wp\/v2\/pages\/111\/revisions\/3939"}],"wp:attachment":[{"href":"https:\/\/signinum.pt\/en\/wp-json\/wp\/v2\/media?parent=111"}],"curies":[{"name":"wp","href":"https:\/\/api.w.org\/{rel}","templated":true}]}}