{"id":118,"date":"2017-01-03T16:40:21","date_gmt":"2017-01-03T16:40:21","guid":{"rendered":"http:\/\/prague.foxthemes.me\/?page_id=118"},"modified":"2025-10-17T08:48:39","modified_gmt":"2025-10-17T08:48:39","slug":"contactos","status":"publish","type":"page","link":"https:\/\/signinum.pt\/en\/contactos\/","title":{"rendered":"Contacts"},"content":{"rendered":"<section class=\"wpb-content-wrapper\"><div data-vc-full-width=\"true\" data-vc-full-width-init=\"false\" data-vc-stretch-content=\"true\" class=\"vc_row wpb_row vc_row-fluid vc_row-no-padding\"><div class=\"wpb_column vc_column_container vc_col-sm-12\"><div class=\"vc_column-inner\"><div class=\"wpb_wrapper\">[vc_banner_title style=&#8221;big&#8221; color_style=&#8221;light&#8221; subtitle=&#8221;CONTACTE-NOS&#8221; title=&#8221;FALE CONNOSCO&#8221; img=&#8221;168&#8243; enable_overlay=&#8221;true&#8221; columns=&#8221;%5B%7B%7D%5D&#8221;][\/vc_banner_title]<\/div><\/div><\/div><\/div><div class=\"vc_row-full-width vc_clearfix\"><\/div><div class=\"vc_row wpb_row vc_row-fluid  margin-lg-75t margin-sm-50t\"><div class=\"wpb_column vc_column_container vc_col-sm-12 vc_col-lg-offset-0 vc_col-lg-6 vc_col-md-offset-0 vc_col-md-6 vc_col-sm-offset-0 vc_col-xs-12\"><div class=\"vc_column-inner\"><div class=\"wpb_wrapper\">[vc_headings title=&#8221;FALE CONNOSCO&#8221; subtitle=&#8221;Contactos&#8221;]Empresa fundada em 2001, com o intuito de responder a um mercado cada vez mais exigente na preserva\u00e7\u00e3o do patrim\u00f3nio.[\/vc_headings]<div class=\"vc_row wpb_row vc_inner vc_row-fluid vc_custom_1484117815051\"><div class=\"wpb_column vc_column_container vc_col-sm-4\"><div class=\"vc_column-inner\"><div class=\"wpb_wrapper\">[vc_address title=&#8221;TELEFONE&#8221; separator=&#8221;true&#8221;]<a href=\"tel:+351 253 944 044\">+351 253 944 044<\/a>[\/vc_address]<\/div><\/div><\/div><div class=\"wpb_column vc_column_container vc_col-sm-4\"><div class=\"vc_column-inner\"><div class=\"wpb_wrapper\">[vc_address title=&#8221;EMAIL&#8221; separator=&#8221;true&#8221;]<a href=\"mailto:signinum@signinum.pt\">signinum@signinum.pt<\/a>[\/vc_address]<\/div><\/div><\/div><\/div><\/div><\/div><\/div><div class=\"wpb_column vc_column_container vc_col-sm-12 vc_col-md-6 vc_col-xs-12  margin-lg-170t margin-sm-30t\"><div class=\"vc_column-inner vc_custom_1489346554831\"><div class=\"wpb_wrapper\">[vc_formidable form=&#8221;1&#8243;]<\/div><\/div><\/div><\/div><div data-vc-full-width=\"true\" data-vc-full-width-init=\"false\" data-vc-stretch-content=\"true\" class=\"vc_row wpb_row vc_row-fluid vc_row-no-padding  margin-lg-105t margin-sm-50t\"><div class=\"wpb_column vc_column_container vc_col-sm-12\"><div class=\"vc_column-inner\"><div class=\"wpb_wrapper\"><div class=\"wpb_gmaps_widget wpb_content_element\"><div class=\"wpb_wrapper\"><div class=\"wpb_map_wraper\"><iframe src=\"https:\/\/www.google.com\/maps\/embed?pb=!1m18!1m12!1m3!1d2987.447308073383!2d-8.466435623423381!3d41.51625048799133!2m3!1f0!2f0!3f0!3m2!1i1024!2i768!4f13.1!3m3!1m2!1s0xd24f8b85fbae7db%3A0xc30602f4e43d5ff9!2sSigninum%20Lda!5e0!3m2!1spt-PT!2spt!4v1684505334651!5m2!1spt-PT!2spt\" width=\"600\" height=\"450\" style=\"border:0;\" allowfullscreen=\"\" loading=\"lazy\" referrerpolicy=\"no-referrer-when-downgrade\"><\/iframe><\/div><\/div><\/div><\/div><\/div><\/div><\/div><div class=\"vc_row-full-width vc_clearfix\"><\/div><div class=\"vc_row wpb_row vc_row-fluid  margin-lg-60t margin-sm-20t\"><div class=\"wpb_column vc_column_container vc_col-sm-12\"><div class=\"vc_column-inner\"><div class=\"wpb_wrapper\">[vc_headings title=&#8221;Conhe\u00e7a as nossas localiza\u00e7\u00f5es&#8221; subtitle=&#8221;LOCALIZA\u00c7\u00c3O&#8221;][\/vc_headings]<\/div><\/div><\/div><\/div><div class=\"vc_row wpb_row vc_row-fluid vc_row-o-equal-height vc_row-flex  margin-lg-35t margin-lg-140b margin-sm-20t margin-sm-70b\"><div class=\"wpb_column vc_column_container vc_col-sm-12\"><div class=\"vc_column-inner\"><div class=\"wpb_wrapper\">[vc_address image=&#8221;3626&#8243; title=&#8221;BRAGA&#8221; separator=&#8221;true&#8221;]Travessa dos Prados, n\u00ba13<br \/>\n4705-827, Aveleda<br \/>\nAveleda, Braga<\/p>\n<p>&nbsp;<\/p>\n<p class=\"black-text no-margin-bottom\"><strong>Phone.<\/strong>+351 253 944 044<\/p>\n<p class=\"black-text no-margin-bottom\"><strong>Call to the national network<\/strong><\/p>\n<p class=\"black-text\"><strong>Email.<\/strong>\u00a0<a href=\"mailto:no-reply@domain.com\">signinum@signinum.pt<\/a><\/p>\n<p>[\/vc_address]<\/div><\/div><\/div><\/div>\n<\/section>","protected":false},"excerpt":{"rendered":"[vc_banner_title style=\"big\" color_style=\"light\" subtitle=\"CONTACTE-NOS\" title=\"FALE CONNOSCO\" img=\"168\" enable_overlay=\"true\" columns=\"%5B%7B%7D%5D\"][\/vc_banner_title][vc_headings title=\"FALE CONNOSCO\" subtitle=\"Contactos\"]Empresa fundada em 2001, com o intuito de responder","protected":false},"author":1,"featured_media":0,"parent":0,"menu_order":0,"comment_status":"closed","ping_status":"closed","template":"","meta":{"om_disable_all_campaigns":false,"_monsterinsights_skip_tracking":false,"_monsterinsights_sitenote_active":false,"_monsterinsights_sitenote_note":"","_monsterinsights_sitenote_category":0,"_uf_show_specific_survey":0,"_uf_disable_surveys":false,"footnotes":""},"class_list":["post-118","page","type-page","status-publish","hentry"],"aioseo_notices":[],"featured_image_src":null,"featured_image_src_square":null,"_links":{"self":[{"href":"https:\/\/signinum.pt\/en\/wp-json\/wp\/v2\/pages\/118","targetHints":{"allow":["GET"]}}],"collection":[{"href":"https:\/\/signinum.pt\/en\/wp-json\/wp\/v2\/pages"}],"about":[{"href":"https:\/\/signinum.pt\/en\/wp-json\/wp\/v2\/types\/page"}],"author":[{"embeddable":true,"href":"https:\/\/signinum.pt\/en\/wp-json\/wp\/v2\/users\/1"}],"replies":[{"embeddable":true,"href":"https:\/\/signinum.pt\/en\/wp-json\/wp\/v2\/comments?post=118"}],"version-history":[{"count":19,"href":"https:\/\/signinum.pt\/en\/wp-json\/wp\/v2\/pages\/118\/revisions"}],"predecessor-version":[{"id":4098,"href":"https:\/\/signinum.pt\/en\/wp-json\/wp\/v2\/pages\/118\/revisions\/4098"}],"wp:attachment":[{"href":"https:\/\/signinum.pt\/en\/wp-json\/wp\/v2\/media?parent=118"}],"curies":[{"name":"wp","href":"https:\/\/api.w.org\/{rel}","templated":true}]}}