{"id":2229,"date":"2017-07-25T08:41:27","date_gmt":"2017-07-25T08:41:27","guid":{"rendered":"http:\/\/prague.foxthemes.me\/?page_id=2229"},"modified":"2023-01-06T17:46:10","modified_gmt":"2023-01-06T17:46:10","slug":"cr","status":"publish","type":"page","link":"https:\/\/signinum.pt\/en\/cr\/","title":{"rendered":"Conservation and Restoration"},"content":{"rendered":"<section class=\"wpb-content-wrapper\"><div class=\"vc_row wpb_row vc_row-fluid\"><div class=\"wpb_column vc_column_container vc_col-sm-12 vc_col-lg-offset-1 vc_col-lg-10\"><div class=\"vc_column-inner\"><div class=\"wpb_wrapper\">[vc_banner_title title=&#8221;CONSERVA\u00c7\u00c3O E RESTAURO&#8221; columns=&#8221;%5B%7B%7D%5D&#8221;]Pensar em conserva\u00e7\u00e3o e restauro de patrim\u00f3nio \u00e9 pensar em n\u00f3s pr\u00f3prios e nas nossas vidas. N\u00f3s enquanto indiv\u00edduos e integrando diferentes comunidades, somos em grande medida, causa e resultado da simbiose estabelecida com o patrim\u00f3nio art\u00edstico e cultural que nos rodeia, nos seus diferentes contextos, regional, nacional e internacional.[\/vc_banner_title]<\/div><\/div><\/div><\/div><div class=\"vc_row wpb_row vc_row-fluid\"><div class=\"wpb_column vc_column_container vc_col-sm-12\"><div class=\"vc_column-inner vc_custom_1500973495617\"><div class=\"wpb_wrapper\">[vc_info_block style=&#8221;horizontal&#8221; items=&#8221;%5B%7B%22label%22%3A%22DIRECTOR%20DE%20%C3%81REA%22%2C%22text%22%3A%22JOHN%20DOE%22%7D%2C%7B%22label%22%3A%22UNIDADES%22%2C%22text%22%3A%225%22%7D%2C%7B%22label%22%3A%22DATA%20CRIA%C3%87%C3%83O%20%C3%81REA%22%2C%22text%22%3A%222001%22%7D%2C%7B%22label%22%3A%22N%C3%9AMERO%20DE%20COLABORADORES%22%2C%22text%22%3A%2222%22%7D%5D&#8221;]<\/div><\/div><\/div><\/div><div data-vc-full-width=\"true\" data-vc-full-width-init=\"false\" data-vc-stretch-content=\"true\" class=\"vc_row wpb_row vc_row-fluid  margin-lg-55t margin-lg-30b\"><div class=\"wpb_column vc_column_container vc_col-sm-12\"><div class=\"vc_column-inner\"><div class=\"wpb_wrapper\">\n\t<div  class=\"wpb_single_image wpb_content_element vc_align_center\">\n\t\t\n\t\t<figure class=\"wpb_wrapper vc_figure\">\n\t\t\t<div class=\"vc_single_image-wrapper   vc_box_border_grey\"><img loading=\"lazy\" decoding=\"async\" width=\"1667\" height=\"1167\" src=\"https:\/\/signinum.pt\/wp-content\/uploads\/2023\/01\/CR6.jpg\" class=\"vc_single_image-img attachment-full\" alt=\"\" title=\"CR6\" data-lazy-src=\"https:\/\/signinum.pt\/wp-content\/uploads\/2023\/01\/CR6.jpg\" \/><\/div>\n\t\t<\/figure>\n\t<\/div>\n<\/div><\/div><\/div><\/div><div class=\"vc_row-full-width vc_clearfix\"><\/div><div data-vc-full-width=\"true\" data-vc-full-width-init=\"false\" data-vc-stretch-content=\"true\" class=\"vc_row wpb_row vc_row-fluid\"><div class=\"wpb_column vc_column_container vc_col-sm-6\"><div class=\"vc_column-inner\"><div class=\"wpb_wrapper\">[vc_project_detail image=&#8221;3104&#8243;]Como mat\u00e9ria, e refer\u00eancia hist\u00f3rica e cultural importante que orienta e define a nossa hist\u00f3ria e as nossas viv\u00eancias, importa enquanto agentes respons\u00e1veis no presente, assegurar o seu melhor estado de conserva\u00e7\u00e3o, atrav\u00e9s de atempado diagn\u00f3stico e aplica\u00e7\u00e3o adequada das melhores metodologias de trabalho pelas m\u00e3os competentes dos t\u00e9cnicos com as habilita\u00e7\u00f5es de forma\u00e7\u00e3o necess\u00e1rias.[\/vc_project_detail]<\/div><\/div><\/div><div class=\"wpb_column vc_column_container vc_col-sm-6\"><div class=\"vc_column-inner\"><div class=\"wpb_wrapper\">[vc_project_detail position=&#8221;bottom&#8221; image=&#8221;3113&#8243;]\u00c9 essa a miss\u00e3o da Signinum no presente, ajudar a bem conservar o patrim\u00f3nio art\u00edstico e cultural, corrigindo, equilibrando e estabilizando todas as suas carater\u00edsticas, f\u00edsicas e qu\u00edmicas, valorizando-o e potenciando as vertentes da divulga\u00e7\u00e3o cultural e tur\u00edstica, permitindo a manuten\u00e7\u00e3o do privil\u00e9gio maior do usufruto e contempla\u00e7\u00e3o pelas gera\u00e7\u00f5es vindouras no advir do tempo.[\/vc_project_detail]<\/div><\/div><\/div><\/div><div class=\"vc_row-full-width vc_clearfix\"><\/div><div data-vc-full-width=\"true\" data-vc-full-width-init=\"false\" data-vc-stretch-content=\"true\" class=\"vc_row wpb_row vc_row-fluid  margin-lg-30b\"><div class=\"wpb_column vc_column_container vc_col-sm-12\"><div class=\"vc_column-inner\"><div class=\"wpb_wrapper\">\n\t<div  class=\"wpb_single_image wpb_content_element vc_align_center\">\n\t\t\n\t\t<figure class=\"wpb_wrapper vc_figure\">\n\t\t\t<div class=\"vc_single_image-wrapper   vc_box_border_grey\"><img loading=\"lazy\" decoding=\"async\" width=\"1667\" height=\"1167\" src=\"https:\/\/signinum.pt\/wp-content\/uploads\/2023\/01\/CR5.jpg\" class=\"vc_single_image-img attachment-full\" alt=\"\" title=\"CR5\" data-lazy-src=\"https:\/\/signinum.pt\/wp-content\/uploads\/2023\/01\/CR5.jpg\" \/><\/div>\n\t\t<\/figure>\n\t<\/div>\n<\/div><\/div><\/div><\/div><div class=\"vc_row-full-width vc_clearfix\"><\/div><div data-vc-full-width=\"true\" data-vc-full-width-init=\"false\" data-vc-stretch-content=\"true\" class=\"vc_row wpb_row vc_row-fluid\"><div class=\"wpb_column vc_column_container vc_col-sm-6  margin-lg-30b\"><div class=\"vc_column-inner\"><div class=\"wpb_wrapper\">\n\t<div  class=\"wpb_single_image wpb_content_element vc_align_center\">\n\t\t\n\t\t<figure class=\"wpb_wrapper vc_figure\">\n\t\t\t<div class=\"vc_single_image-wrapper   vc_box_border_grey\"><img loading=\"lazy\" decoding=\"async\" width=\"1667\" height=\"1167\" src=\"https:\/\/signinum.pt\/wp-content\/uploads\/2023\/01\/CR4.jpg\" class=\"vc_single_image-img attachment-full\" alt=\"\" title=\"CR4\" data-lazy-src=\"https:\/\/signinum.pt\/wp-content\/uploads\/2023\/01\/CR4.jpg\" \/><\/div>\n\t\t<\/figure>\n\t<\/div>\n<\/div><\/div><\/div><div class=\"wpb_column vc_column_container vc_col-sm-6  margin-lg-30b\"><div class=\"vc_column-inner\"><div class=\"wpb_wrapper\">\n\t<div  class=\"wpb_single_image wpb_content_element vc_align_center\">\n\t\t\n\t\t<figure class=\"wpb_wrapper vc_figure\">\n\t\t\t<div class=\"vc_single_image-wrapper   vc_box_border_grey\"><img loading=\"lazy\" decoding=\"async\" width=\"1667\" height=\"1167\" src=\"https:\/\/signinum.pt\/wp-content\/uploads\/2023\/01\/CR3.jpg\" class=\"vc_single_image-img attachment-full\" alt=\"\" title=\"CR3\" data-lazy-src=\"https:\/\/signinum.pt\/wp-content\/uploads\/2023\/01\/CR3.jpg\" \/><\/div>\n\t\t<\/figure>\n\t<\/div>\n<\/div><\/div><\/div><\/div><div class=\"vc_row-full-width vc_clearfix\"><\/div><div class=\"vc_row wpb_row vc_row-fluid  margin-lg-80t margin-lg-110b margin-sm-45t margin-sm-55b\"><div class=\"wpb_column vc_column_container vc_col-sm-12\"><div class=\"vc_column-inner\"><div class=\"wpb_wrapper\">\n\t<div class=\"wpb_text_column wpb_content_element\" >\n\t\t<div class=\"wpb_wrapper\">\n\t\t\t<p style=\"text-align: center;\">Thinking about heritage conservation and restoration is thinking about ourselves and our lives. We as individuals and integrating different communities are to a large extent, the cause and result of the symbiosis established with the artistic and cultural heritage that surrounds us, in its different contexts, regional, national, and international.<\/p>\n\n\t\t<\/div>\n\t<\/div>\n<\/div><\/div><\/div><\/div>\n<\/section>","protected":false},"excerpt":{"rendered":"[vc_banner_title title=\"CONSERVA\u00c7\u00c3O E RESTAURO\" columns=\"%5B%7B%7D%5D\"]Pensar em conserva\u00e7\u00e3o e restauro de patrim\u00f3nio \u00e9 pensar em n\u00f3s pr\u00f3prios e nas nossas vidas.","protected":false},"author":1,"featured_media":0,"parent":0,"menu_order":0,"comment_status":"closed","ping_status":"closed","template":"","meta":{"om_disable_all_campaigns":false,"_monsterinsights_skip_tracking":false,"_monsterinsights_sitenote_active":false,"_monsterinsights_sitenote_note":"","_monsterinsights_sitenote_category":0,"_uf_show_specific_survey":0,"_uf_disable_surveys":false,"footnotes":""},"class_list":["post-2229","page","type-page","status-publish","hentry"],"aioseo_notices":[],"featured_image_src":null,"featured_image_src_square":null,"_links":{"self":[{"href":"https:\/\/signinum.pt\/en\/wp-json\/wp\/v2\/pages\/2229","targetHints":{"allow":["GET"]}}],"collection":[{"href":"https:\/\/signinum.pt\/en\/wp-json\/wp\/v2\/pages"}],"about":[{"href":"https:\/\/signinum.pt\/en\/wp-json\/wp\/v2\/types\/page"}],"author":[{"embeddable":true,"href":"https:\/\/signinum.pt\/en\/wp-json\/wp\/v2\/users\/1"}],"replies":[{"embeddable":true,"href":"https:\/\/signinum.pt\/en\/wp-json\/wp\/v2\/comments?post=2229"}],"version-history":[{"count":2,"href":"https:\/\/signinum.pt\/en\/wp-json\/wp\/v2\/pages\/2229\/revisions"}],"predecessor-version":[{"id":3222,"href":"https:\/\/signinum.pt\/en\/wp-json\/wp\/v2\/pages\/2229\/revisions\/3222"}],"wp:attachment":[{"href":"https:\/\/signinum.pt\/en\/wp-json\/wp\/v2\/media?parent=2229"}],"curies":[{"name":"wp","href":"https:\/\/api.w.org\/{rel}","templated":true}]}}