{"id":2289,"date":"2017-07-26T10:15:00","date_gmt":"2017-07-26T10:15:00","guid":{"rendered":"http:\/\/prague.foxthemes.me\/?page_id=2289"},"modified":"2017-07-26T10:15:00","modified_gmt":"2017-07-26T10:15:00","slug":"historia","status":"publish","type":"page","link":"https:\/\/signinum.pt\/en\/historia\/","title":{"rendered":"Hist\u00f3ria"},"content":{"rendered":"<section class=\"wpb-content-wrapper\"><div data-vc-full-width=\"true\" data-vc-full-width-init=\"false\" data-vc-stretch-content=\"true\" class=\"vc_row wpb_row vc_row-fluid vc_row-no-padding\"><div class=\"wpb_column vc_column_container vc_col-sm-12\"><div class=\"vc_column-inner\"><div class=\"wpb_wrapper\">[vc_project_detail_parallax][vc_project_detail_parallax_items image=&#8221;2982&#8243; overlay=&#8221;true&#8221; style=&#8221;transparent&#8221; title=&#8221;A RECUPERAR PATRIM\u00d3NIO&#8221; subtitle=&#8221; DESDE 2001&#8243;][\/vc_project_detail_parallax_items][vc_project_detail_parallax_items image=&#8221;2972&#8243; style=&#8221;light&#8221; title=&#8221;DE EXPERI\u00caNCIA&#8221; subtitle=&#8221;DUAS D\u00c9CADAS&#8221; background=&#8221;white&#8221;]Empresa fundada em 2001, com o intuito de responder a um mercado cada vez mais exigente na preserva\u00e7\u00e3o do patrim\u00f3nio. Conjuga uma equipa t\u00e9cnica especializada nas mais diversas \u00e1reas (contando com conservadores, arquitetos, engenheiros, designers, entre outros, de acordo com a necessidade de cada projeto), com um conhecimento profundo dos bens a intervencionar.[\/vc_project_detail_parallax_items][vc_project_detail_parallax_items image=&#8221;2996&#8243;][\/vc_project_detail_parallax_items][vc_project_detail_parallax_items image=&#8221;2981&#8243; style=&#8221;light&#8221; position_light=&#8221;right&#8221; subtitle=&#8221;CIMMVC 2016&#8243;]<\/p>\n<ul>\n<li>TRATAMENTO FACHADAS<\/li>\n<li>LABELING<\/li>\n<li>SISTEMAS INFORM\u00c1TICOS<\/li>\n<\/ul>\n<p>[\/vc_project_detail_parallax_items][vc_project_detail_parallax_items image=&#8221;3000&#8243;][\/vc_project_detail_parallax_items][vc_project_detail_parallax_items image=&#8221;2974&#8243; style=&#8221;light&#8221; position_light=&#8221;left&#8221; subtitle=&#8221;AMARANTE 2015&#8243;]<\/p>\n<ul>\n<li>\u00a0Autodesk 3ds Max<\/li>\n<li>Adobe Photoshop<\/li>\n<li>UV Layout<\/li>\n<li>Substance Painter<\/li>\n<li>Substance Designer<\/li>\n<li>Bitmap2Material<\/li>\n<li>Unreal Engine 1<\/li>\n<\/ul>\n<p>[\/vc_project_detail_parallax_items][\/vc_project_detail_parallax]<\/div><\/div><\/div><\/div><div class=\"vc_row-full-width vc_clearfix\"><\/div>\n<\/section>","protected":false},"excerpt":{"rendered":"[vc_project_detail_parallax][vc_project_detail_parallax_items image=\"2982\" overlay=\"true\" style=\"transparent\" title=\"A RECUPERAR PATRIM\u00d3NIO\" subtitle=\" DESDE 2001\"][\/vc_project_detail_parallax_items][vc_project_detail_parallax_items image=\"2972\" style=\"light\" title=\"DE EXPERI\u00caNCIA\" subtitle=\"DUAS D\u00c9CADAS\" background=\"white\"]Empresa fundada em 2001,","protected":false},"author":1,"featured_media":0,"parent":0,"menu_order":0,"comment_status":"closed","ping_status":"closed","template":"","meta":{"om_disable_all_campaigns":false,"_monsterinsights_skip_tracking":false,"_monsterinsights_sitenote_active":false,"_monsterinsights_sitenote_note":"","_monsterinsights_sitenote_category":0,"_uf_show_specific_survey":0,"_uf_disable_surveys":false,"footnotes":""},"class_list":["post-2289","page","type-page","status-publish","hentry"],"aioseo_notices":[],"featured_image_src":null,"featured_image_src_square":null,"_links":{"self":[{"href":"https:\/\/signinum.pt\/en\/wp-json\/wp\/v2\/pages\/2289","targetHints":{"allow":["GET"]}}],"collection":[{"href":"https:\/\/signinum.pt\/en\/wp-json\/wp\/v2\/pages"}],"about":[{"href":"https:\/\/signinum.pt\/en\/wp-json\/wp\/v2\/types\/page"}],"author":[{"embeddable":true,"href":"https:\/\/signinum.pt\/en\/wp-json\/wp\/v2\/users\/1"}],"replies":[{"embeddable":true,"href":"https:\/\/signinum.pt\/en\/wp-json\/wp\/v2\/comments?post=2289"}],"version-history":[{"count":0,"href":"https:\/\/signinum.pt\/en\/wp-json\/wp\/v2\/pages\/2289\/revisions"}],"wp:attachment":[{"href":"https:\/\/signinum.pt\/en\/wp-json\/wp\/v2\/media?parent=2289"}],"curies":[{"name":"wp","href":"https:\/\/api.w.org\/{rel}","templated":true}]}}