{"id":3138,"date":"2022-12-19T12:05:42","date_gmt":"2022-12-19T12:05:42","guid":{"rendered":"http:\/\/localhost\/wordpress\/?page_id=3138"},"modified":"2023-01-11T11:47:23","modified_gmt":"2023-01-11T11:47:23","slug":"carpintaria","status":"publish","type":"page","link":"https:\/\/signinum.pt\/en\/carpintaria\/","title":{"rendered":"Carpentry"},"content":{"rendered":"<section class=\"wpb-content-wrapper\"><div class=\"vc_row wpb_row vc_row-fluid\"><div class=\"wpb_column vc_column_container vc_col-sm-12 vc_col-lg-offset-1 vc_col-lg-10\"><div class=\"vc_column-inner\"><div class=\"wpb_wrapper\">[vc_banner_title title=&#8221;CARPINTARIA&#8221; columns=&#8221;%5B%7B%7D%5D&#8221;]N\u00facleo de Desenvolvimento de Estruturas Especiais de Madeira \u2013 NDEEM, eis a mais recente aposta como unidade de neg\u00f3cio da Signinum.[\/vc_banner_title]<\/div><\/div><\/div><\/div><div class=\"vc_row wpb_row vc_row-fluid\"><div class=\"wpb_column vc_column_container vc_col-sm-12\"><div class=\"vc_column-inner vc_custom_1500973495617\"><div class=\"wpb_wrapper\">[vc_info_block style=&#8221;horizontal&#8221; items=&#8221;%5B%7B%22label%22%3A%22DIRECTOR%20DE%20%C3%81REA%22%2C%22text%22%3A%22CRISTINA%20SANTOS%22%7D%2C%7B%22label%22%3A%22UNIDADES%22%2C%22text%22%3A%222%22%7D%2C%7B%22label%22%3A%22DATA%20CRIA%C3%87%C3%83O%20%C3%81REA%22%2C%22text%22%3A%222016%22%7D%2C%7B%22label%22%3A%22N%C3%9AMERO%20DE%20COLABORADORES%22%2C%22text%22%3A%2245%22%7D%5D&#8221;]<\/div><\/div><\/div><\/div><div data-vc-full-width=\"true\" data-vc-full-width-init=\"false\" data-vc-stretch-content=\"true\" class=\"vc_row wpb_row vc_row-fluid  margin-lg-55t margin-lg-30b\"><div class=\"wpb_column vc_column_container vc_col-sm-12\"><div class=\"vc_column-inner\"><div class=\"wpb_wrapper\">\n\t<div  class=\"wpb_single_image wpb_content_element vc_align_center\">\n\t\t\n\t\t<figure class=\"wpb_wrapper vc_figure\">\n\t\t\t<div class=\"vc_single_image-wrapper   vc_box_border_grey\"><img loading=\"lazy\" decoding=\"async\" width=\"1200\" height=\"800\" src=\"https:\/\/signinum.pt\/wp-content\/uploads\/2023\/01\/CARP6.jpg\" class=\"vc_single_image-img attachment-full\" alt=\"\" title=\"CARP6\" data-lazy-src=\"https:\/\/signinum.pt\/wp-content\/uploads\/2023\/01\/CARP6.jpg\" \/><\/div>\n\t\t<\/figure>\n\t<\/div>\n<\/div><\/div><\/div><\/div><div class=\"vc_row-full-width vc_clearfix\"><\/div><div data-vc-full-width=\"true\" data-vc-full-width-init=\"false\" data-vc-stretch-content=\"true\" class=\"vc_row wpb_row vc_row-fluid\"><div class=\"wpb_column vc_column_container vc_col-sm-6\"><div class=\"vc_column-inner\"><div class=\"wpb_wrapper\">[vc_project_detail image=&#8221;3144&#8243;]Ao longo dos anos, sempre nos deparamos com alguns problemas aquando dos projetos de estruturas de madeiras, nomeadamente no que toca ao restauro das mesmas, com falta de dados, dimensionamentos quase inexistentes, defini\u00e7\u00e3o de metodologias de interven\u00e7\u00e3o pouco claras, em suma projetos muito incompletos.[\/vc_project_detail]<\/div><\/div><\/div><div class=\"wpb_column vc_column_container vc_col-sm-6\"><div class=\"vc_column-inner\"><div class=\"wpb_wrapper\">[vc_project_detail position=&#8221;bottom&#8221; image=&#8221;3142&#8243;]Associado a essa situa\u00e7\u00e3o, a cada vez menos especializa\u00e7\u00e3o de m\u00e3o de obra em saber fazer restauro de estruturas de madeiras ou a aplica\u00e7\u00e3o de novas estruturas de madeiras em constru\u00e7\u00f5es existentes, nomeadamente na \u00e1rea da reabilita\u00e7\u00e3o de edif\u00edcios em centros hist\u00f3ricos ou edif\u00edcios com valor patrimonial.[\/vc_project_detail]<\/div><\/div><\/div><\/div><div class=\"vc_row-full-width vc_clearfix\"><\/div><div data-vc-full-width=\"true\" data-vc-full-width-init=\"false\" data-vc-stretch-content=\"true\" class=\"vc_row wpb_row vc_row-fluid  margin-lg-30b\"><div class=\"wpb_column vc_column_container vc_col-sm-12\"><div class=\"vc_column-inner\"><div class=\"wpb_wrapper\">\n\t<div  class=\"wpb_single_image wpb_content_element vc_align_center\">\n\t\t\n\t\t<figure class=\"wpb_wrapper vc_figure\">\n\t\t\t<div class=\"vc_single_image-wrapper   vc_box_border_grey\"><img loading=\"lazy\" decoding=\"async\" width=\"1200\" height=\"800\" src=\"https:\/\/signinum.pt\/wp-content\/uploads\/2023\/01\/CARP5.jpg\" class=\"vc_single_image-img attachment-full\" alt=\"\" title=\"CARP5\" data-lazy-src=\"https:\/\/signinum.pt\/wp-content\/uploads\/2023\/01\/CARP5.jpg\" \/><\/div>\n\t\t<\/figure>\n\t<\/div>\n<\/div><\/div><\/div><\/div><div class=\"vc_row-full-width vc_clearfix\"><\/div><div data-vc-full-width=\"true\" data-vc-full-width-init=\"false\" data-vc-stretch-content=\"true\" class=\"vc_row wpb_row vc_row-fluid\"><div class=\"wpb_column vc_column_container vc_col-sm-6  margin-lg-30b\"><div class=\"vc_column-inner\"><div class=\"wpb_wrapper\">\n\t<div  class=\"wpb_single_image wpb_content_element vc_align_center\">\n\t\t\n\t\t<figure class=\"wpb_wrapper vc_figure\">\n\t\t\t<div class=\"vc_single_image-wrapper   vc_box_border_grey\"><img loading=\"lazy\" decoding=\"async\" width=\"1200\" height=\"800\" src=\"https:\/\/signinum.pt\/wp-content\/uploads\/2023\/01\/CARP4.jpg\" class=\"vc_single_image-img attachment-full\" alt=\"\" title=\"CARP4\" data-lazy-src=\"https:\/\/signinum.pt\/wp-content\/uploads\/2023\/01\/CARP4.jpg\" \/><\/div>\n\t\t<\/figure>\n\t<\/div>\n<\/div><\/div><\/div><div class=\"wpb_column vc_column_container vc_col-sm-6  margin-lg-30b\"><div class=\"vc_column-inner\"><div class=\"wpb_wrapper\">\n\t<div  class=\"wpb_single_image wpb_content_element vc_align_center\">\n\t\t\n\t\t<figure class=\"wpb_wrapper vc_figure\">\n\t\t\t<div class=\"vc_single_image-wrapper   vc_box_border_grey\"><img loading=\"lazy\" decoding=\"async\" width=\"1200\" height=\"800\" src=\"https:\/\/signinum.pt\/wp-content\/uploads\/2023\/01\/CARP3.jpg\" class=\"vc_single_image-img attachment-full\" alt=\"\" title=\"CARP3\" data-lazy-src=\"https:\/\/signinum.pt\/wp-content\/uploads\/2023\/01\/CARP3.jpg\" \/><\/div>\n\t\t<\/figure>\n\t<\/div>\n<\/div><\/div><\/div><\/div><div class=\"vc_row-full-width vc_clearfix\"><\/div><div class=\"vc_row wpb_row vc_row-fluid  margin-lg-80t margin-lg-110b margin-sm-45t margin-sm-55b\"><div class=\"wpb_column vc_column_container vc_col-sm-12\"><div class=\"vc_column-inner\"><div class=\"wpb_wrapper\">\n\t<div class=\"wpb_text_column wpb_content_element\" >\n\t\t<div class=\"wpb_wrapper\">\n\t\t\t<p style=\"text-align: center;\">Em resposta a essas necessidades em 2016 a Signinum criou o NDEEM com vista a dar resposta a essa lacuna, prestando servi\u00e7os de projeto de dimensionamento de estruturas de madeiras, servi\u00e7os de carpintaria geral, servi\u00e7os de marcenaria art\u00edstica, produ\u00e7\u00e3o art\u00edstica em madeira e investiga\u00e7\u00e3o na cria\u00e7\u00e3o de novos produtos de madeira e seus derivados, bem como desenvolvimento de solu\u00e7\u00f5es inteligentes para a madeira.<\/p>\n\n\t\t<\/div>\n\t<\/div>\n<\/div><\/div><\/div><\/div>\n<\/section>","protected":false},"excerpt":{"rendered":"[vc_banner_title title=\"CARPINTARIA\" columns=\"%5B%7B%7D%5D\"]N\u00facleo de Desenvolvimento de Estruturas Especiais de Madeira \u2013 NDEEM, eis a mais recente aposta como unidade de","protected":false},"author":1,"featured_media":0,"parent":0,"menu_order":0,"comment_status":"closed","ping_status":"closed","template":"","meta":{"om_disable_all_campaigns":false,"_monsterinsights_skip_tracking":false,"_monsterinsights_sitenote_active":false,"_monsterinsights_sitenote_note":"","_monsterinsights_sitenote_category":0,"_uf_show_specific_survey":0,"_uf_disable_surveys":false,"footnotes":""},"class_list":["post-3138","page","type-page","status-publish","hentry"],"aioseo_notices":[],"featured_image_src":null,"featured_image_src_square":null,"_links":{"self":[{"href":"https:\/\/signinum.pt\/en\/wp-json\/wp\/v2\/pages\/3138","targetHints":{"allow":["GET"]}}],"collection":[{"href":"https:\/\/signinum.pt\/en\/wp-json\/wp\/v2\/pages"}],"about":[{"href":"https:\/\/signinum.pt\/en\/wp-json\/wp\/v2\/types\/page"}],"author":[{"embeddable":true,"href":"https:\/\/signinum.pt\/en\/wp-json\/wp\/v2\/users\/1"}],"replies":[{"embeddable":true,"href":"https:\/\/signinum.pt\/en\/wp-json\/wp\/v2\/comments?post=3138"}],"version-history":[{"count":1,"href":"https:\/\/signinum.pt\/en\/wp-json\/wp\/v2\/pages\/3138\/revisions"}],"predecessor-version":[{"id":3328,"href":"https:\/\/signinum.pt\/en\/wp-json\/wp\/v2\/pages\/3138\/revisions\/3328"}],"wp:attachment":[{"href":"https:\/\/signinum.pt\/en\/wp-json\/wp\/v2\/media?parent=3138"}],"curies":[{"name":"wp","href":"https:\/\/api.w.org\/{rel}","templated":true}]}}