{"id":3524,"date":"2023-01-16T10:56:49","date_gmt":"2023-01-16T10:56:49","guid":{"rendered":"https:\/\/signinum.pt\/?page_id=3524"},"modified":"2023-01-16T10:56:49","modified_gmt":"2023-01-16T10:56:49","slug":"home-3-destaques","status":"publish","type":"page","link":"https:\/\/signinum.pt\/en\/home-3-destaques\/","title":{"rendered":"Home &#8211; 3 Destaques"},"content":{"rendered":"<section class=\"wpb-content-wrapper\"><div data-vc-full-width=\"true\" data-vc-full-width-init=\"false\" data-vc-stretch-content=\"true\" class=\"vc_row wpb_row vc_row-fluid vc_row-no-padding\"><div class=\"wpb_column vc_column_container vc_col-sm-12\"><div class=\"vc_column-inner\"><div class=\"wpb_wrapper\">\n\t\t\t<!-- START Template 01 REVOLUTION SLIDER 6.5.24 --><p class=\"rs-p-wp-fix\"><\/p>\n\t\t\t<rs-module-wrap id=\"rev_slider_2_1_wrapper\" data-source=\"gallery\" style=\"visibility:hidden;background:transparent;padding:0;margin:0px auto;margin-top:0;margin-bottom:0;\">\n\t\t\t\t<rs-module id=\"rev_slider_2_1\" class=\"rs-ov-hidden\" style=\"\" data-version=\"6.5.24\">\n\t\t\t\t\t<rs-slides>\n\t\t\t\t\t\t<rs-slide style=\"position: absolute;\" data-key=\"rs-3\" data-title=\"Slide\" data-thumb=\"\/\/signinum.pt\/wp-content\/uploads\/2023\/01\/proj1-3-100x50.jpg\" data-anim=\"ms:600;\" data-in=\"o:0;\" data-out=\"a:false;\">\n\t\t\t\t\t\t\t<img decoding=\"async\" src=\"\/\/signinum.pt\/wp-content\/plugins\/revslider\/public\/assets\/assets\/dummy.png\" alt=\"\" title=\"proj1-3\" width=\"1667\" height=\"1167\" class=\"rev-slidebg tp-rs-img rs-lazyload\" data-lazyload=\"\/\/signinum.pt\/wp-content\/uploads\/2023\/01\/proj1-3.jpg\" data-bg=\"p:center top;\" data-parallax=\"off\" data-no-retina>\n<!--\n\t\t\t\t\t\t\t--><rs-layer\n\t\t\t\t\t\t\t\tid=\"slider-2-slide-3-layer-1\" \n\t\t\t\t\t\t\t\tdata-type=\"text\"\n\t\t\t\t\t\t\t\tdata-rsp_ch=\"on\"\n\t\t\t\t\t\t\t\tdata-xy=\"x:c;y:m;yo:-89px,-89px,-74px,0;\"\n\t\t\t\t\t\t\t\tdata-text=\"s:60,60,60,28;l:70,70,70,34;fw:900;a:center;\"\n\t\t\t\t\t\t\t\tdata-frame_0=\"y:50px;\"\n\t\t\t\t\t\t\t\tdata-frame_1=\"sp:2000;\"\n\t\t\t\t\t\t\t\tdata-frame_999=\"o:0;st:8999.9996948242;sR:6999.9996948242;\"\n\t\t\t\t\t\t\t\tstyle=\"z-index:5;font-family:'Muli';\"\n\t\t\t\t\t\t\t>Laborat\u00f3rio \n\t\t\t\t\t\t\t<\/rs-layer><!--\n\n\t\t\t\t\t\t\t--><rs-layer\n\t\t\t\t\t\t\t\tid=\"slider-2-slide-3-layer-3\" \n\t\t\t\t\t\t\t\tclass=\"rev-btn\"\n\t\t\t\t\t\t\t\tdata-type=\"button\"\n\t\t\t\t\t\t\t\tdata-xy=\"x:c;xo:-7px,-7px,0,0;y:t,t,m,m;yo:410px,410px,125px,125px;\"\n\t\t\t\t\t\t\t\tdata-text=\"s:17;l:17;fw:600;a:inherit;\"\n\t\t\t\t\t\t\t\tdata-vbility=\"t,t,t,f\"\n\t\t\t\t\t\t\t\tdata-actions='o:click;a:simplelink;target:_self;url:https:\/\/signinum.pt\/services-item\/laboratorio\/;'\n\t\t\t\t\t\t\t\tdata-padding=\"t:12;r:35;b:12;l:35;\"\n\t\t\t\t\t\t\t\tdata-border=\"bos:solid;boc:#ffffff;bow:2,2,2,2;\"\n\t\t\t\t\t\t\t\tdata-frame_0=\"y:50px;\"\n\t\t\t\t\t\t\t\tdata-frame_1=\"e:power2.inOut;sp:2000;sR:10;\"\n\t\t\t\t\t\t\t\tdata-frame_999=\"o:0;st:8900;sR:6989.9996948242;\"\n\t\t\t\t\t\t\t\tdata-frame_hover=\"c:#000;bgc:rgba(255,255,255,0);boc:#000;bor:0px,0px,0px,0px;bos:solid;bow:2,2,2,2;oX:50;oY:50;e:none;\"\n\t\t\t\t\t\t\t\tstyle=\"z-index:7;background-color:rgba(0,0,0,0);font-family:'Open Sans';cursor:pointer;outline:none;box-shadow:none;box-sizing:border-box;-moz-box-sizing:border-box;-webkit-box-sizing:border-box;\"\n\t\t\t\t\t\t\t>Ler mais \n\t\t\t\t\t\t\t<\/rs-layer><!--\n-->\t\t\t\t\t\t<\/rs-slide>\n\t\t\t\t\t\t<rs-slide style=\"position: absolute;\" data-key=\"rs-4\" data-title=\"Slide\" data-thumb=\"\/\/signinum.pt\/wp-content\/uploads\/2023\/01\/proj2-6-100x50.jpg\" data-anim=\"ms:600;\" data-in=\"o:0;\" data-out=\"a:false;\">\n\t\t\t\t\t\t\t<img decoding=\"async\" src=\"\/\/signinum.pt\/wp-content\/plugins\/revslider\/public\/assets\/assets\/dummy.png\" alt=\"\" title=\"proj2-6\" width=\"1667\" height=\"1167\" class=\"rev-slidebg tp-rs-img rs-lazyload\" data-lazyload=\"\/\/signinum.pt\/wp-content\/uploads\/2023\/01\/proj2-6.jpg\" data-bg=\"p:center top;\" data-parallax=\"off\" data-no-retina>\n<!--\n\t\t\t\t\t\t\t--><rs-layer\n\t\t\t\t\t\t\t\tid=\"slider-2-slide-4-layer-1\" \n\t\t\t\t\t\t\t\tdata-type=\"text\"\n\t\t\t\t\t\t\t\tdata-rsp_ch=\"on\"\n\t\t\t\t\t\t\t\tdata-xy=\"x:c;y:m;yo:-89px,-89px,-74px,0;\"\n\t\t\t\t\t\t\t\tdata-text=\"s:60,60,60,28;l:70,70,70,34;fw:900;a:center;\"\n\t\t\t\t\t\t\t\tdata-frame_0=\"y:50px;\"\n\t\t\t\t\t\t\t\tdata-frame_1=\"sp:2000;\"\n\t\t\t\t\t\t\t\tdata-frame_999=\"o:0;st:8999.9996948242;sR:6999.9996948242;\"\n\t\t\t\t\t\t\t\tstyle=\"z-index:5;font-family:'Muli';\"\n\t\t\t\t\t\t\t>Rehabilitation \n\t\t\t\t\t\t\t<\/rs-layer><!--\n\n\t\t\t\t\t\t\t--><rs-layer\n\t\t\t\t\t\t\t\tid=\"slider-2-slide-4-layer-3\" \n\t\t\t\t\t\t\t\tclass=\"rev-btn\"\n\t\t\t\t\t\t\t\tdata-type=\"button\"\n\t\t\t\t\t\t\t\tdata-xy=\"x:c;xo:-7px,-7px,0,0;y:t,t,m,m;yo:410px,410px,125px,125px;\"\n\t\t\t\t\t\t\t\tdata-text=\"s:17;l:17;fw:600;a:inherit;\"\n\t\t\t\t\t\t\t\tdata-vbility=\"t,t,t,f\"\n\t\t\t\t\t\t\t\tdata-actions='o:click;a:simplelink;target:_self;url:https:\/\/signinum.pt\/services-item\/reabilitacao\/;'\n\t\t\t\t\t\t\t\tdata-padding=\"t:12;r:35;b:12;l:35;\"\n\t\t\t\t\t\t\t\tdata-border=\"bos:solid;boc:#ffffff;bow:2,2,2,2;\"\n\t\t\t\t\t\t\t\tdata-frame_0=\"y:50px;\"\n\t\t\t\t\t\t\t\tdata-frame_1=\"e:power2.inOut;sp:2000;sR:10;\"\n\t\t\t\t\t\t\t\tdata-frame_999=\"o:0;st:8999.9996948242;sR:6989.9996948242;\"\n\t\t\t\t\t\t\t\tdata-frame_hover=\"c:#000;bgc:rgba(255,255,255,0);boc:#000;bor:0px,0px,0px,0px;bos:solid;bow:2,2,2,2;oX:50;oY:50;e:none;\"\n\t\t\t\t\t\t\t\tstyle=\"z-index:7;background-color:rgba(0,0,0,0);font-family:'Open Sans';cursor:pointer;outline:none;box-shadow:none;box-sizing:border-box;-moz-box-sizing:border-box;-webkit-box-sizing:border-box;\"\n\t\t\t\t\t\t\t>Ler mais \n\t\t\t\t\t\t\t<\/rs-layer><!--\n-->\t\t\t\t\t\t<\/rs-slide>\n\t\t\t\t\t\t<rs-slide style=\"position: absolute;\" data-key=\"rs-5\" data-title=\"Slide\" data-thumb=\"\/\/signinum.pt\/wp-content\/uploads\/2023\/01\/4-100x50.jpg\" data-anim=\"ms:600;\" data-in=\"o:0;\" data-out=\"a:false;\">\n\t\t\t\t\t\t\t<img decoding=\"async\" src=\"\/\/signinum.pt\/wp-content\/plugins\/revslider\/public\/assets\/assets\/dummy.png\" alt=\"\" title=\"4\" width=\"2200\" height=\"1200\" class=\"rev-slidebg tp-rs-img rs-lazyload\" data-lazyload=\"\/\/signinum.pt\/wp-content\/uploads\/2023\/01\/4.jpg\" data-bg=\"p:center top;\" data-parallax=\"off\" data-no-retina>\n<!--\n\t\t\t\t\t\t\t--><rs-layer\n\t\t\t\t\t\t\t\tid=\"slider-2-slide-5-layer-1\" \n\t\t\t\t\t\t\t\tdata-type=\"text\"\n\t\t\t\t\t\t\t\tdata-rsp_ch=\"on\"\n\t\t\t\t\t\t\t\tdata-xy=\"x:c;y:m;yo:-89px,-89px,-74px,0;\"\n\t\t\t\t\t\t\t\tdata-text=\"s:60,60,60,28;l:70,70,70,34;fw:900;a:center;\"\n\t\t\t\t\t\t\t\tdata-frame_0=\"y:50px;\"\n\t\t\t\t\t\t\t\tdata-frame_1=\"sp:2000;\"\n\t\t\t\t\t\t\t\tdata-frame_999=\"o:0;st:8999.9996948242;sR:6999.9996948242;\"\n\t\t\t\t\t\t\t\tstyle=\"z-index:8;font-family:'Muli';\"\n\t\t\t\t\t\t\t>Matters to resolve \n\t\t\t\t\t\t\t<\/rs-layer><!--\n\n\t\t\t\t\t\t\t--><rs-layer\n\t\t\t\t\t\t\t\tid=\"slider-2-slide-5-layer-3\" \n\t\t\t\t\t\t\t\tclass=\"rev-btn\"\n\t\t\t\t\t\t\t\tdata-type=\"button\"\n\t\t\t\t\t\t\t\tdata-xy=\"x:c;xo:-7px,-7px,0,0;y:t,t,m,m;yo:410px,410px,125px,125px;\"\n\t\t\t\t\t\t\t\tdata-text=\"s:17;l:17;fw:600;a:inherit;\"\n\t\t\t\t\t\t\t\tdata-vbility=\"t,t,t,f\"\n\t\t\t\t\t\t\t\tdata-actions='o:click;a:simplelink;target:_self;url:https:\/\/signinum.pt\/services-item\/formacao\/;'\n\t\t\t\t\t\t\t\tdata-padding=\"t:12;r:35;b:12;l:35;\"\n\t\t\t\t\t\t\t\tdata-border=\"bos:solid;boc:#ffffff;bow:2,2,2,2;\"\n\t\t\t\t\t\t\t\tdata-frame_0=\"y:50px;\"\n\t\t\t\t\t\t\t\tdata-frame_1=\"e:power2.inOut;sp:2000;sR:10;\"\n\t\t\t\t\t\t\t\tdata-frame_999=\"o:0;st:8999.9996948242;sR:6989.9996948242;\"\n\t\t\t\t\t\t\t\tdata-frame_hover=\"c:#000;bgc:rgba(255,255,255,0);boc:#000;bor:0px,0px,0px,0px;bos:solid;bow:2,2,2,2;oX:50;oY:50;e:none;\"\n\t\t\t\t\t\t\t\tstyle=\"z-index:9;background-color:rgba(0,0,0,0);font-family:'Open Sans';cursor:pointer;outline:none;box-shadow:none;box-sizing:border-box;-moz-box-sizing:border-box;-webkit-box-sizing:border-box;\"\n\t\t\t\t\t\t\t>Ler mais \n\t\t\t\t\t\t\t<\/rs-layer><!--\n-->\t\t\t\t\t\t<\/rs-slide>\n\t\t\t\t\t<\/rs-slides>\n\t\t\t\t<\/rs-module>\n\t\t\t\t<script>\n\t\t\t\t\tsetREVStartSize({c: 'rev_slider_2_1',rl:[1240,1240,778,480],el:[765,765,500,400],gw:[1240,1240,778,480],gh:[765,765,500,400],type:'standard',justify:'',layout:'fullwidth',mh:\"0\"});if (window.RS_MODULES!==undefined && window.RS_MODULES.modules!==undefined && window.RS_MODULES.modules[\"revslider21\"]!==undefined) {window.RS_MODULES.modules[\"revslider21\"].once = false;window.revapi2 = undefined;if (window.RS_MODULES.checkMinimal!==undefined) window.RS_MODULES.checkMinimal()}\n\t\t\t\t<\/script>\n\t\t\t<\/rs-module-wrap>\n\t\t\t<!-- END REVOLUTION SLIDER -->\n<\/div><\/div><\/div><\/div><div class=\"vc_row-full-width vc_clearfix\"><\/div><div class=\"vc_row wpb_row vc_row-fluid  margin-lg-55t margin-sm-20t\"><div class=\"wpb_column vc_column_container vc_col-sm-12\"><div class=\"vc_column-inner\"><div class=\"wpb_wrapper\">[vc_headings vertical_line=&#8221;true&#8221; title=&#8221;Acompanhe aqui os \u00faltimos trabalhos realizados pela Signinum&#8221; subtitle=&#8221;\u00daltimos Projectos&#8221; enable_divider=&#8221;true&#8221;][\/vc_headings]<\/div><\/div><\/div><\/div><div class=\"vc_row wpb_row vc_row-fluid  margin-lg-35t margin-sm-20t\"><div class=\"wpb_column vc_column_container vc_col-sm-12\"><div class=\"vc_column-inner\"><div class=\"wpb_wrapper\">[vc_projects_posts templates=&#8221;grid&#8221; post_type=&#8221;projects&#8221; total_columns=&#8221;prague_count_col3&#8243; gap_columns=&#8221;prague_gap_col15&#8243; image_original_size=&#8221;medium_large&#8221; enable_new_window=&#8221;true&#8221; orderby=&#8221;date&#8221; button_link_class=&#8221;prague-services-link a-btn-2 simple&#8221; button_span_class=&#8221;a-btn-line&#8221; posts_per_page=&#8221;6&#8243;]<\/div><\/div><\/div><\/div><div data-vc-full-width=\"true\" data-vc-full-width-init=\"false\" data-vc-stretch-content=\"true\" class=\"vc_row wpb_row vc_row-fluid vc_row-no-padding  margin-lg-140t margin-sm-50t\"><div class=\"wpb_column vc_column_container vc_col-sm-12\"><div class=\"vc_column-inner\"><div class=\"wpb_wrapper\">[vc_wrapper title=&#8221;Os Nossos servi\u00e7os&#8221; subtitle=&#8221;SERVI\u00c7OS&#8221; image=&#8221;3257&#8243; color_style=&#8221;light&#8221;][vc_projects_posts templates=&#8221;services&#8221; post_type=&#8221;services&#8221; total_columns=&#8221;prague_count_col3&#8243; gap_columns=&#8221;prague_gap_col15&#8243; image_original_size=&#8221;large&#8221; orderby=&#8221;date&#8221; order=&#8221;ASC&#8221; button_link_class=&#8221;prague-services-link a-btn-2 creative&#8221; button_span_class=&#8221;a-btn-line&#8221; posts_per_page=&#8221;6&#8243; button_style=&#8221;creative&#8221;][\/vc_wrapper]<\/div><\/div><\/div><\/div><div class=\"vc_row-full-width vc_clearfix\"><\/div><div class=\"vc_row wpb_row vc_row-fluid  margin-lg-0t margin-sm-20t\"><div class=\"wpb_column vc_column_container vc_col-sm-12\"><div class=\"vc_column-inner\"><div class=\"wpb_wrapper\">[vc_headings title=&#8221;Pr\u00e9mios recebidos&#8221; subtitle=&#8221;Pr\u00e9mios&#8221; enable_divider=&#8221;true&#8221;][\/vc_headings]<\/div><\/div><\/div><\/div><div class=\"vc_row wpb_row vc_row-fluid\"><div class=\"wpb_column vc_column_container vc_col-sm-12 vc_col-md-6\"><div class=\"vc_column-inner\"><div class=\"wpb_wrapper\">[vc_awards list_awards=&#8221;%5B%7B%22year%22%3A%222019%22%2C%22title%22%3A%22MEN%C3%87%C3%83O%20HONROSA%20DA%20PNRU%22%2C%22subtitle%22%3A%22O%20restauro%20do%20edif%C3%ADcio%20da%20C%C3%A2mara%20Municipal%20de%20Braga%20foi%20distinguido%20com%20uma%20men%C3%A7%C3%A3o%20honrosa%20na%20s%C3%A9tima%20edi%C3%A7%C3%A3o%20do%20Pr%C3%A9mio%20Nacional%20de%20Reabilita%C3%A7%C3%A3o%20Urbana%20(PNRU).%20A%20interven%C3%A7%C3%A3o%20incidiu%20no%20Sal%C3%A3o%20Nobre%2C%20na%20antec%C3%A2mara%2C%20na%20escadaria%20principal%20e%20na%20cobertura.%20A%20opera%C3%A7%C3%A3o%20realizada%20valorizou%20a%20vertente%20da%20conserva%C3%A7%C3%A3o%2C%20incluindo%20o%20restauro%20e%20a%20reintegra%C3%A7%C3%A3o%20volum%C3%A9trica%20e%20crom%C3%A1tica%20das%20zonas%20intervencionadas.%22%2C%22separator%22%3A%22true%22%7D%2C%7B%22year%22%3A%222017%22%2C%22title%22%3A%22SELO%20DE%20EXCEL%C3%8ANCIA%20DO%20PROGRAMA-QUADRO%20COMUNIT%C3%81RIO%20DE%20INVESTIGA%C3%87%C3%83O%20%26%20INOVA%C3%87%C3%83O%22%2C%22subtitle%22%3A%22A%20Comiss%C3%A3o%20Europeia%20entregou%20o%20certificado%20%5C%22Selo%20de%20Excel%C3%AAncia%5C%22%20%C3%A0%20Signinum%2C%20pela%20introdu%C3%A7%C3%A3o%20do%20projeto%20XpeCAM%2C%20uma%20c%C3%A2mara%20de%20an%C3%A1lise%20multiespectral%20port%C3%A1til%2C%20que%20permite%20monitorizar%2C%20in%20loco%2C%20o%20estado%20de%20conserva%C3%A7%C3%A3o%20das%20obras%20de%20arte.%20Para%20Ant%C3%B3nio%20Cardoso%2C%20%E2%80%9Ceste%20selo%20%C3%A9%20um%20indicativo%20de%20refer%C3%AAncia%20para%20quem%20olha%20para%20a%20nossa%20empresa%2C%20garantindo%20o%20reconhecimento%20do%20nosso%20esfor%C3%A7o%20em%20desenvolver%20um%20projeto%20v%C3%A1lido%20no%20qual%20qualquer%20investidor%20pode%20e%20deve%20apostar%E2%80%9D.%22%2C%22separator%22%3A%22true%22%7D%2C%7B%22year%22%3A%222015%22%2C%22title%22%3A%22MEN%C3%87%C3%83O%20HONROSA%20IHRU%22%2C%22subtitle%22%3A%22No%20%C3%A2mbito%20do%20pr%C3%A9mio%20IHRU%202015%20o%20Instituto%20de%20Habita%C3%A7%C3%A3o%20e%20Reabilita%C3%A7%C3%A3o%20Urbana%20(IHRU)%20atribuiu%20uma%20men%C3%A7%C3%A3o%20honrosa%20%C3%A0%20obra%20de%20restauro%20e%20recupera%C3%A7%C3%A3o%20da%20Igreja%20e%20Torre%20dos%20Cl%C3%A9rigos.%20Este%20pr%C3%A9mio%20destaca%20a%20qualidade%20dos%20trabalhos%20t%C3%A9cnicos%20executados%20pela%20Signinum.%20O%20j%C3%BAri%20destaca%3A%20%5C%22%20grau%20de%20dificuldade%20da%20interven%C3%A7%C3%A3o%2C%20perante%20o%20confronto%20entre%20a%20necessidade%20de%20recuperar%20um%20edif%C3%ADcio%20em%20mau%20estado%20de%20conserva%C3%A7%C3%A3o%2C%20salvaguardando%20as%20caracter%C3%ADsticas%20que%20definiam%20os%20valores%20patrimoniais%20e%20culturais%2C%20e%20a%20necessidade%20de%20adaptar%20um%20edif%C3%ADcio%20do%20s%C3%A9c.%20XVIII%2C%20criando%20condi%C3%A7%C3%B5es%20para%20ser%20visitado%5C%22%2C%20por%20cerca%20de%20mil%20pessoas%20diariamente.%22%2C%22separator%22%3A%22true%22%7D%5D&#8221;]<\/div><\/div><\/div><div class=\"wpb_column vc_column_container vc_col-sm-12 vc_col-md-6\"><div class=\"vc_column-inner\"><div class=\"wpb_wrapper\">[vc_awards list_awards=&#8221;%5B%7B%22year%22%3A%222018%22%2C%22title%22%3A%22PR%C3%89MIO%20NACIONAL%20DE%20REABILITA%C3%87%C3%83O%20URBANA%20(PNRU)%2C%20%C3%81REA%20DE%20RESTAURO%22%2C%22subtitle%22%3A%22O%20projeto%20de%20restauro%20e%20recupera%C3%A7%C3%A3o%20da%20Quinta%20Alegrete%2C%20im%C3%B3vel%20da%20Santa%20Casa%20de%20Miseric%C3%B3rdia%20de%20Lisboa%2C%20venceu%20a%206.%C2%AA%20edi%C3%A7%C3%A3o%20do%20Pr%C3%A9mio%20Nacional%20de%20Reabilita%C3%A7%C3%A3o%20Urbana%2C%20%C3%A1rea%20de%20Restauro.%20Trata-se%20de%20um%20pal%C3%A1cio%20de%20influ%C3%AAncias%20tardo-barrocas%20e%20neocl%C3%A1ssicas%2C%20constru%C3%ADdo%20em%20meados%20do%20s%C3%A9culo%20XVIII%2C%20pelo%202%C2%BA%20Conde%20de%20Vilar%20Maior%20e%201%C2%AA%20Marqu%C3%AAs%20de%20Alegrete%2C%20que%20foi%20adaptado%20para%20a%20instala%C3%A7%C3%A3o%20de%20uma%20unidade%20social.%22%2C%22separator%22%3A%22true%22%7D%2C%7B%22year%22%3A%222017%22%2C%22title%22%3A%22PR%C3%89MIO%20EUROPA%20NOSTRA%2C%20DA%20UNI%C3%83O%20EUROPEIA%22%2C%22subtitle%22%3A%22A%20recupera%C3%A7%C3%A3o%20dos%20Cl%C3%A9rigos%20venceu%20na%20categoria%20de%20Conserva%C3%A7%C3%A3o%20e%20Restauro%2C%20gra%C3%A7as%20ao%20seu%20%5C%22restauro%20abrangente%5C%22%20realizado%20ao%20longo%20de%20dois%20anos.%20De%20acordo%20com%20o%20j%C3%BAri%20da%20Europa%20Nostra%2C%20a%20abordagem%20interdisciplinar%20aplicada%20no%20projeto%2C%20recuperou%20de%20modo%20not%C3%A1vel%20este%20edif%C3%ADcio%20idealizado%20por%20Nicolau%20Nasoni.%20Esta%20distin%C3%A7%C3%A3o%2C%20institu%C3%ADda%20pela%20UE%2C%20reconhece%20as%20interven%C3%A7%C3%B5es%20exemplares%20para%20a%20salvaguarda%20do%20Patrim%C3%B3nio%20Cultural.%22%2C%22separator%22%3A%22true%22%7D%2C%7B%22year%22%3A%222015%22%2C%22title%22%3A%22PR%C3%89MIO%20VASCO%20VILALVA%202015%2C%20DA%20FUNDA%C3%87%C3%83O%20GULBENKIAN%22%2C%22subtitle%22%3A%22O%20projeto%20de%20restauro%20e%20recupera%C3%A7%C3%A3o%20da%20Igreja%20e%20Torre%20dos%20Cl%C3%A9rigos%20venceu%20a%209.%C2%AA%20edi%C3%A7%C3%A3o%20do%20Pr%C3%A9mio%20Vasco%20Vilalva.%20O%20pr%C3%A9mio%20distingue%20este%20conjunto%20patrimonial%20e%20a%20qualidade%20geral%20da%20interven%C3%A7%C3%A3o.%20Todo%20o%20trabalho%20quer%20de%20reabilita%C3%A7%C3%A3o%20quer%20de%20conserva%C3%A7%C3%A3o%20e%20restauro%20foi%20levado%20a%20cabo%20pela%20Signinum%20entre%20Dezembro%20de%202013%20e%202014.%20O%20j%C3%BAri%20destacou%20o%20tratamento%20adequado%20do%20patrim%C3%B3nio%20integrado%20deste%20monumento%2C%20tendo-se%20devolvido%20ao%20conjunto%20a%20dignidade%20e%20os%20valores%20perdidos.%20Esta%20interven%C3%A7%C3%A3o%20devolveu%20%C3%A0%20cidade%20do%20Porto%20o%20seu%20ex-libris.%22%2C%22separator%22%3A%22true%22%7D%5D&#8221;]<\/div><\/div><\/div><\/div><div data-vc-full-width=\"true\" data-vc-full-width-init=\"false\" data-vc-stretch-content=\"true\" class=\"vc_row wpb_row vc_row-fluid vc_row-no-padding  margin-lg-105t margin-sm-50t\"><div class=\"wpb_column vc_column_container vc_col-sm-12\"><div class=\"vc_column-inner\"><div class=\"wpb_wrapper\">[vc_wrapper title=&#8221;Expandir faz parte do nosso ADN&#8221; subtitle=&#8221;EMPRESAS DO GRUPO SIGNINUM&#8221; image=&#8221;3247&#8243; color_style=&#8221;light&#8221;]<div class=\"vc_row wpb_row vc_inner vc_row-fluid\"><div class=\"wpb_column vc_column_container vc_col-sm-3 vc_col-md-3\"><div class=\"vc_column-inner\"><div class=\"wpb_wrapper\">[vc_clients clients_style=&#8221;default_style&#8221; image=&#8221;3305&#8243; link=&#8221;url:https%3A%2F%2Fwww.xpectraltek.com%2F|title:Visitar|target:_blank&#8221;][vc_clients clients_style=&#8221;default_style&#8221; image=&#8221;3513&#8243; link=&#8221;url:https%3A%2F%2Fwww.sedelisboa.pt%2F|title:Visitar|target:_blank&#8221;]<\/div><\/div><\/div><div class=\"wpb_column vc_column_container vc_col-sm-3 vc_col-md-3\"><div class=\"vc_column-inner\"><div class=\"wpb_wrapper\">[vc_clients clients_style=&#8221;default_style&#8221; image=&#8221;3303&#8243; link=&#8221;url:https%3A%2F%2Fla2culture.com%2F|title:Visitar|target:_blank&#8221;][vc_clients clients_style=&#8221;default_style&#8221; image=&#8221;3514&#8243; link=&#8221;url:http%3A%2F%2Ftorredaigrejadocastelo.pt%2Fhome|title:Visitar|target:_blank&#8221;]<\/div><\/div><\/div><div class=\"wpb_column vc_column_container vc_col-sm-3 vc_col-md-3\"><div class=\"vc_column-inner\"><div class=\"wpb_wrapper\">[vc_clients clients_style=&#8221;default_style&#8221; image=&#8221;3304&#8243; link=&#8221;url:http%3A%2F%2Fwonderfulday.pt%2F|title:Visitar|target:_blank&#8221;][vc_clients clients_style=&#8221;default_style&#8221; image=&#8221;3512&#8243; link=&#8221;url:http%3A%2F%2Fcapeladoscoimbras.pt%2F|title:Visitar|target:_blank&#8221;]<\/div><\/div><\/div><div class=\"wpb_column vc_column_container vc_col-sm-3 vc_col-md-3\"><div class=\"vc_column-inner\"><div class=\"wpb_wrapper\">[vc_clients clients_style=&#8221;default_style&#8221; image=&#8221;3302&#8243; link=&#8221;url:https%3A%2F%2Fwww.horizonte-secular.pt%2F|title:Visitar|target:_blank&#8221;][vc_clients clients_style=&#8221;default_style&#8221; image=&#8221;3302&#8243; link=&#8221;url:https%3A%2F%2Fla2culture.com%2F|title:Visitar&#8221;]<\/div><\/div><\/div><\/div>[\/vc_wrapper]<\/div><\/div><\/div><\/div><div class=\"vc_row-full-width vc_clearfix\"><\/div><div class=\"vc_row wpb_row vc_row-fluid  margin-lg-0t margin-sm-20t\"><div class=\"wpb_column vc_column_container vc_col-sm-12 vc_col-lg-offset-0 vc_col-lg-6 vc_col-md-offset-0 vc_col-md-6 vc_col-sm-offset-0 vc_col-xs-12\"><div class=\"vc_column-inner\"><div class=\"wpb_wrapper\">[vc_headings title=&#8221;FALE CONNOSCO&#8221; subtitle=&#8221;CONTACTOS&#8221;]Empresa fundada em 2001, com o intuito de responder a um mercado cada vez mais exigente na preserva\u00e7\u00e3o do patrim\u00f3nio.[\/vc_headings]<div class=\"vc_row wpb_row vc_inner vc_row-fluid vc_custom_1484117815051\"><div class=\"wpb_column vc_column_container vc_col-sm-4\"><div class=\"vc_column-inner\"><div class=\"wpb_wrapper\">[vc_address title=&#8221;TELEFONE&#8221; separator=&#8221;true&#8221;]<a href=\"tel:+351 253 944 044\">+351 253 944 044<\/a>[\/vc_address]<\/div><\/div><\/div><div class=\"wpb_column vc_column_container vc_col-sm-4\"><div class=\"vc_column-inner\"><div class=\"wpb_wrapper\">[vc_address title=&#8221;EMAIL&#8221; separator=&#8221;true&#8221;]<a href=\"mailto:signinum@signinum.pt\">signinum@signinum.pt<\/a>[\/vc_address]<\/div><\/div><\/div><div class=\"wpb_column vc_column_container vc_col-sm-4\"><div class=\"vc_column-inner\"><div class=\"wpb_wrapper\">[vc_address title=&#8221;SKYPE&#8221; separator=&#8221;true&#8221;]Contacto_Skype[\/vc_address]<\/div><\/div><\/div><\/div><\/div><\/div><\/div><div class=\"wpb_column vc_column_container vc_col-sm-12 vc_col-md-6 vc_col-xs-12  margin-lg-170t margin-sm-40t\"><div class=\"vc_column-inner vc_custom_1488483852815\"><div class=\"wpb_wrapper\">[vc_formidable form=&#8221;1&#8243;]<\/div><\/div><\/div><\/div><div class=\"vc_row wpb_row vc_row-fluid\"><div class=\"wpb_column vc_column_container vc_col-sm-12\"><div class=\"vc_column-inner\"><div class=\"wpb_wrapper\"><\/div><\/div><\/div><\/div>\n<\/section>","protected":false},"excerpt":{"rendered":"Laborat\u00f3rio Ler mais Reabilita\u00e7\u00e3o Ler mais Matters to resolve Ler mais [vc_headings vertical_line=\"true\" title=\"Acompanhe aqui os \u00faltimos trabalhos realizados pela","protected":false},"author":1,"featured_media":0,"parent":0,"menu_order":0,"comment_status":"closed","ping_status":"closed","template":"","meta":{"om_disable_all_campaigns":false,"_monsterinsights_skip_tracking":false,"_monsterinsights_sitenote_active":false,"_monsterinsights_sitenote_note":"","_monsterinsights_sitenote_category":0,"_uf_show_specific_survey":0,"_uf_disable_surveys":false,"footnotes":""},"class_list":["post-3524","page","type-page","status-publish","hentry"],"aioseo_notices":[],"featured_image_src":null,"featured_image_src_square":null,"_links":{"self":[{"href":"https:\/\/signinum.pt\/en\/wp-json\/wp\/v2\/pages\/3524","targetHints":{"allow":["GET"]}}],"collection":[{"href":"https:\/\/signinum.pt\/en\/wp-json\/wp\/v2\/pages"}],"about":[{"href":"https:\/\/signinum.pt\/en\/wp-json\/wp\/v2\/types\/page"}],"author":[{"embeddable":true,"href":"https:\/\/signinum.pt\/en\/wp-json\/wp\/v2\/users\/1"}],"replies":[{"embeddable":true,"href":"https:\/\/signinum.pt\/en\/wp-json\/wp\/v2\/comments?post=3524"}],"version-history":[{"count":2,"href":"https:\/\/signinum.pt\/en\/wp-json\/wp\/v2\/pages\/3524\/revisions"}],"predecessor-version":[{"id":3526,"href":"https:\/\/signinum.pt\/en\/wp-json\/wp\/v2\/pages\/3524\/revisions\/3526"}],"wp:attachment":[{"href":"https:\/\/signinum.pt\/en\/wp-json\/wp\/v2\/media?parent=3524"}],"curies":[{"name":"wp","href":"https:\/\/api.w.org\/{rel}","templated":true}]}}