{"id":3772,"date":"2023-04-20T14:46:22","date_gmt":"2023-04-20T14:46:22","guid":{"rendered":"https:\/\/signinum.pt\/?page_id=3772"},"modified":"2023-04-21T08:29:41","modified_gmt":"2023-04-21T08:29:41","slug":"politica-de-privacidade","status":"publish","type":"page","link":"https:\/\/signinum.pt\/en\/politica-de-privacidade\/","title":{"rendered":"Privacy Policy"},"content":{"rendered":"<section class=\"wpb-content-wrapper\"><div data-vc-full-width=\"true\" data-vc-full-width-init=\"false\" data-vc-stretch-content=\"true\" class=\"vc_row wpb_row vc_row-fluid vc_row-no-padding\"><div class=\"wpb_column vc_column_container vc_col-sm-12\"><div class=\"vc_column-inner\"><div class=\"wpb_wrapper\">[vc_banner_title color_style=&#8221;light&#8221; title=&#8221;Pol\u00edtica de Privacidade&#8221; img=&#8221;3236&#8243; enable_overlay=&#8221;true&#8221; enable_fullheight=&#8221;true&#8221; columns=&#8221;%5B%7B%7D%5D&#8221; color_animation_text=&#8221;#000000&#8243;][\/vc_banner_title]<\/div><\/div><\/div><\/div><div class=\"vc_row-full-width vc_clearfix\"><\/div><div class=\"vc_row wpb_row vc_row-fluid\"><div class=\"wpb_column vc_column_container vc_col-sm-12\"><div class=\"vc_column-inner\"><div class=\"wpb_wrapper\"><div class=\"vc_empty_space\"   style=\"height: 32px\"><span class=\"vc_empty_space_inner\"><\/span><\/div>\n\t<div class=\"wpb_text_column wpb_content_element\" >\n\t\t<div class=\"wpb_wrapper\">\n\t\t\t<p>Signinum is committed to ensuring the privacy and protection of personal data of all those who are associated with it, including users of the website www.signinum.pt. <a href=\"http:\/\/www.ana.pt\/\">www.signinum.pt<\/a>.<\/p>\n<p>This Privacy Policy is complemented by the Terms and Conditions. <a href=\"https:\/\/signinum.pt\/en\/termos-e-condicoes\/\">Terms and Conditions<\/a>.<\/p>\n\n\t\t<\/div>\n\t<\/div>\n<div class=\"vc_empty_space\"   style=\"height: 32px\"><span class=\"vc_empty_space_inner\"><\/span><\/div><\/div><\/div><\/div><\/div><div class=\"vc_row wpb_row vc_row-fluid\"><div class=\"wpb_column vc_column_container vc_col-sm-12\"><div class=\"vc_column-inner\"><div class=\"wpb_wrapper\"><div class=\"vc_tta-container\" data-vc-action=\"collapseAll\"><div class=\"vc_general vc_tta vc_tta-accordion vc_tta-color-grey vc_tta-style-classic vc_tta-shape-rounded vc_tta-o-shape-group vc_tta-controls-align-left vc_tta-o-all-clickable\"><div class=\"vc_tta-panels-container\"><div class=\"vc_tta-panels\"><div class=\"vc_tta-panel\" id=\"1682062904448-ddfcfacd-3d5a\" data-vc-content=\".vc_tta-panel-body\"><div class=\"vc_tta-panel-heading\"><h4 class=\"vc_tta-panel-title vc_tta-controls-icon-position-left\"><a href=\"#1682062904448-ddfcfacd-3d5a\" data-vc-accordion data-vc-container=\".vc_tta-container\"><span class=\"vc_tta-title-text\">Who is responsible for the processing of personal data?<\/span><i class=\"vc_tta-controls-icon vc_tta-controls-icon-plus\"><\/i><\/a><\/h4><\/div><div class=\"vc_tta-panel-body\">\n\t<div class=\"wpb_text_column wpb_content_element\" >\n\t\t<div class=\"wpb_wrapper\">\n\t\t\t<p>A entidade respons\u00e1vel pelos dados pessoais \u00e9 a Signinum.<\/p>\n<p>Rua do Lagar, n\u00ba32<br \/>\n4825-024, Rio Caldo<br \/>\nRio Caldo, Terras de Bouro<br \/>\nTelf.: +351 253 944 044<br \/>\nCall to the national network<\/p>\n\n\t\t<\/div>\n\t<\/div>\n<\/div><\/div><div class=\"vc_tta-panel\" id=\"1682062904449-9780a519-ec0f\" data-vc-content=\".vc_tta-panel-body\"><div class=\"vc_tta-panel-heading\"><h4 class=\"vc_tta-panel-title vc_tta-controls-icon-position-left\"><a href=\"#1682062904449-9780a519-ec0f\" data-vc-accordion data-vc-container=\".vc_tta-container\"><span class=\"vc_tta-title-text\">What personal data do we collect?<\/span><i class=\"vc_tta-controls-icon vc_tta-controls-icon-plus\"><\/i><\/a><\/h4><\/div><div class=\"vc_tta-panel-body\">\n\t<div class=\"wpb_text_column wpb_content_element\" >\n\t\t<div class=\"wpb_wrapper\">\n\t\t\t<p>Recolhemos dados pessoais sobre os utilizadores quando estes procedem ao preenchimento de um formul\u00e1rio. Ao proceder, o utilizador ter\u00e1 de inserir o seu nome, endere\u00e7o de correio eletr\u00f3nico, n\u00famero de telefone e dados para a fatura\u00e7\u00e3o do servi\u00e7o. Os dados pessoais recolhidos s\u00e3o indispens\u00e1veis \u00e0 presta\u00e7\u00e3o do servi\u00e7o por parte da Signinum e a sua disponibiliza\u00e7\u00e3o implica o conhecimento e aceita\u00e7\u00e3o da presente pol\u00edtica de privacidade.<\/p>\n\n\t\t<\/div>\n\t<\/div>\n<\/div><\/div><div class=\"vc_tta-panel\" id=\"1682063128471-babcc680-1e49\" data-vc-content=\".vc_tta-panel-body\"><div class=\"vc_tta-panel-heading\"><h4 class=\"vc_tta-panel-title vc_tta-controls-icon-position-left\"><a href=\"#1682063128471-babcc680-1e49\" data-vc-accordion data-vc-container=\".vc_tta-container\"><span class=\"vc_tta-title-text\">For what purpose do we use the personal data we collect?<\/span><i class=\"vc_tta-controls-icon vc_tta-controls-icon-plus\"><\/i><\/a><\/h4><\/div><div class=\"vc_tta-panel-body\">\n\t<div class=\"wpb_text_column wpb_content_element\" >\n\t\t<div class=\"wpb_wrapper\">\n\t\t\t<p>Os dados pessoais que recolhemos s\u00e3o utilizados para presta\u00e7\u00e3o do servi\u00e7o, gest\u00e3o de clientes e cumprimentos de obriga\u00e7\u00f5es legais e fiscais.<\/p>\n<p>Os contactos que o utilizador indicar no formul\u00e1rio ser\u00e3o utilizados exclusivamente para enviar informa\u00e7\u00f5es e atualiza\u00e7\u00f5es referentes \u00e0 presta\u00e7\u00e3o de servi\u00e7o a que o mesmo diz respeito.<\/p>\n<p>O utilizador poder\u00e1 optar por receber, no seu endere\u00e7o de correio eletr\u00f3nico, conte\u00fados promocionais, designadamente newsletters. Se esta for a sua vontade, dever\u00e1 indic\u00e1-la expressamente, selecionando a op\u00e7\u00e3o correspondente no formul\u00e1rio de requisi\u00e7\u00e3o do servi\u00e7o.<\/p>\n<p>O tratamento dos dados pessoais do utilizador pode ser efetuado com recurso a entidades contratadas ou subcontratadas pela Signinum, para efeitos da presta\u00e7\u00e3o do servi\u00e7o com as finalidades acima referidas. Neste caso, estas entidades ficam obrigadas a desenvolver as medidas t\u00e9cnicas e organizativas adequadas a garantir que o tratamento dos dados pessoais indicados no formul\u00e1rio satisfar\u00e1 os requisitos legais, designadamente no dom\u00ednio da seguran\u00e7a e confidencialidade, para assegurar a defesa dos direitos do requisitante do servi\u00e7o.<\/p>\n<p>Os dados pessoais que recolhemos n\u00e3o ser\u00e3o transmitidos a terceiros sem o seu consentimento expresso, exceto quando a presta\u00e7\u00e3o do servi\u00e7o solicitado assim o exija, caso em que a Signinum exigir\u00e1 a esses terceiros que apliquem as medidas t\u00e9cnicas e organizativas adequadas de forma a satisfazer os requisitos legais, designadamente no \u00e2mbito da seguran\u00e7a e confidencialidade<\/p>\n<p>Caso seja necess\u00e1rio para cumprimento de obriga\u00e7\u00f5es legais, a Signinum poder\u00e1 permitir o acesso aos dados pessoais do utilizador a autoridades judiciais, de seguran\u00e7a p\u00fablica, tribut\u00e1rias ou regulat\u00f3rias.<\/p>\n\n\t\t<\/div>\n\t<\/div>\n<\/div><\/div><div class=\"vc_tta-panel\" id=\"1682063195253-c5a787c9-6ec7\" data-vc-content=\".vc_tta-panel-body\"><div class=\"vc_tta-panel-heading\"><h4 class=\"vc_tta-panel-title vc_tta-controls-icon-position-left\"><a href=\"#1682063195253-c5a787c9-6ec7\" data-vc-accordion data-vc-container=\".vc_tta-container\"><span class=\"vc_tta-title-text\">What is the retention period for your personal data?<\/span><i class=\"vc_tta-controls-icon vc_tta-controls-icon-plus\"><\/i><\/a><\/h4><\/div><div class=\"vc_tta-panel-body\">\n\t<div class=\"wpb_text_column wpb_content_element\" >\n\t\t<div class=\"wpb_wrapper\">\n\t\t\t<p>Os dados pessoais s\u00e3o conservados apenas pelo per\u00edodo de tempo necess\u00e1rio para cumprimento da finalidade que motivou a sua recolha ou tratamento, sem preju\u00edzo do respeito pelos prazos legalmente definidos para o efeito.<\/p>\n\n\t\t<\/div>\n\t<\/div>\n<\/div><\/div><div class=\"vc_tta-panel\" id=\"1682063227231-424cf9e6-9b0b\" data-vc-content=\".vc_tta-panel-body\"><div class=\"vc_tta-panel-heading\"><h4 class=\"vc_tta-panel-title vc_tta-controls-icon-position-left\"><a href=\"#1682063227231-424cf9e6-9b0b\" data-vc-accordion data-vc-container=\".vc_tta-container\"><span class=\"vc_tta-title-text\">What are my rights as a Data Subject?<\/span><i class=\"vc_tta-controls-icon vc_tta-controls-icon-plus\"><\/i><\/a><\/h4><\/div><div class=\"vc_tta-panel-body\">\n\t<div class=\"wpb_text_column wpb_content_element\" >\n\t\t<div class=\"wpb_wrapper\">\n\t\t\t<p>Os utilizadores t\u00eam o direito de solicitar \u00e0 Signinum o acesso aos seus dados pessoais. T\u00eam tamb\u00e9m o direito \u00e0 portabilidade, retifica\u00e7\u00e3o ou apagamento dos mesmos. Podem ainda determinar limites ou opor-se ao seu tratamento, exceto no que respeita aos dados pessoais indispens\u00e1veis \u00e0 presta\u00e7\u00e3o dos servi\u00e7os por eles requisitados \u00e0 Signinum ou ao cumprimento de obriga\u00e7\u00f5es legais.<\/p>\n<p>O consentimento dado pelo utilizador pode ser retirado a qualquer momento. Contudo, a sua retirada n\u00e3o compromete a licitude do tratamento efetuado com base no consentimento previamente dado.<\/p>\n<p>O utilizador tem o direito de ser notificado pela Signium caso exista uma viola\u00e7\u00e3o dos seus dados pessoais e pode, ainda, apresentar reclama\u00e7\u00e3o \u00e0 autoridade de controlo \u2013 a Comiss\u00e3o Nacional de Prote\u00e7\u00e3o de Dados &#8211; sem preju\u00edzo de poder, igualmente, reclamar junto do Encarregado da Prote\u00e7\u00e3o de Dados da Signinum.<\/p>\n\n\t\t<\/div>\n\t<\/div>\n<\/div><\/div><div class=\"vc_tta-panel\" id=\"1682063272847-31555c0f-0f20\" data-vc-content=\".vc_tta-panel-body\"><div class=\"vc_tta-panel-heading\"><h4 class=\"vc_tta-panel-title vc_tta-controls-icon-position-left\"><a href=\"#1682063272847-31555c0f-0f20\" data-vc-accordion data-vc-container=\".vc_tta-container\"><span class=\"vc_tta-title-text\">Whom can I contact to exercise my rights as a data subject?<\/span><i class=\"vc_tta-controls-icon vc_tta-controls-icon-plus\"><\/i><\/a><\/h4><\/div><div class=\"vc_tta-panel-body\">\n\t<div class=\"wpb_text_column wpb_content_element\" >\n\t\t<div class=\"wpb_wrapper\">\n\t\t\t<p>A Signinum designou um Encarregado da Prote\u00e7\u00e3o de Dados que poder\u00e1 ser diretamente contactado atrav\u00e9s de carta enviada para:<\/p>\n<p>Rua do Lagar, n\u00ba32<br \/>\n4825-024, Rio Caldo<br \/>\nRio Caldo, Terras de Bouro<br \/>\nTelefone.+351 253 944 044<br \/>\nCall to the national network<br \/>\nEmail.\u00a0<a href=\"mailto:signinum@signinum.pt\">signinum@signinum.pt<\/a><\/p>\n<p>&nbsp;<\/p>\n\n\t\t<\/div>\n\t<\/div>\n<\/div><\/div><div class=\"vc_tta-panel\" id=\"1682063356838-81331b6c-a3fe\" data-vc-content=\".vc_tta-panel-body\"><div class=\"vc_tta-panel-heading\"><h4 class=\"vc_tta-panel-title vc_tta-controls-icon-position-left\"><a href=\"#1682063356838-81331b6c-a3fe\" data-vc-accordion data-vc-container=\".vc_tta-container\"><span class=\"vc_tta-title-text\">What measures does Signinum take to ensure the security of your personal data?<\/span><i class=\"vc_tta-controls-icon vc_tta-controls-icon-plus\"><\/i><\/a><\/h4><\/div><div class=\"vc_tta-panel-body\">\n\t<div class=\"wpb_text_column wpb_content_element\" >\n\t\t<div class=\"wpb_wrapper\">\n\t\t\t<p>A Signinum aplica as medidas t\u00e9cnicas e organizativas adequadas de forma a satisfazer os requisitos legais, designadamente no \u00e2mbito da seguran\u00e7a e confidencialidade. Pretende a Signinum, assim, assegurar a defesa dos direitos dos titulares dos dados pessoais, por forma a garantir a respetiva prote\u00e7\u00e3o dos referidos dados contra acessos n\u00e3o autorizados, usos impr\u00f3prios, perda ou destrui\u00e7\u00e3o.<\/p>\n<p>Depois de uma opera\u00e7\u00e3o, as informa\u00e7\u00f5es relativas a meios de pagamento (cart\u00e3o de d\u00e9bito, cr\u00e9dito ou outro) n\u00e3o ser\u00e3o armazenadas pelo nosso sistema.<\/p>\n<p>These technical and organizational measures are regularly reviewed and improved, and the website www.signinum.pt is constantly monitored by specific tools to detect and eliminate potential cyber-attacks. <a href=\"http:\/\/www.ana.pt\/\">www.signinum.pt<\/a> \u00e9 monitorizado constantemente por ferramentas espec\u00edficas para detetar e eliminar potenciais ataques inform\u00e1ticos.<\/p>\n\n\t\t<\/div>\n\t<\/div>\n<\/div><\/div><div class=\"vc_tta-panel\" id=\"1682063424291-8a455a61-70fb\" data-vc-content=\".vc_tta-panel-body\"><div class=\"vc_tta-panel-heading\"><h4 class=\"vc_tta-panel-title vc_tta-controls-icon-position-left\"><a href=\"#1682063424291-8a455a61-70fb\" data-vc-accordion data-vc-container=\".vc_tta-container\"><span class=\"vc_tta-title-text\">Use of Cookies<\/span><i class=\"vc_tta-controls-icon vc_tta-controls-icon-plus\"><\/i><\/a><\/h4><\/div><div class=\"vc_tta-panel-body\">\n\t<div class=\"wpb_text_column wpb_content_element\" >\n\t\t<div class=\"wpb_wrapper\">\n\t\t\t<p>Cookies s\u00e3o pequenos ficheiros de texto armazenados no seu computador atrav\u00e9s do navegador (browser). N\u00e3o t\u00eam qualquer efeito prejudicial para o mesmo e n\u00e3o cont\u00eam v\u00edrus, retendo apenas informa\u00e7\u00e3o relacionada com as suas prefer\u00eancias, o que n\u00e3o inclui os seus dados pessoais. Pode consultar a Pol\u00edtica de Cookies da Signinum <a href=\"https:\/\/signinum.pt\/en\/politica-de-cookies\/\">here.<\/a><\/p>\n\n\t\t<\/div>\n\t<\/div>\n<\/div><\/div><div class=\"vc_tta-panel\" id=\"1682063476046-70d57f93-407b\" data-vc-content=\".vc_tta-panel-body\"><div class=\"vc_tta-panel-heading\"><h4 class=\"vc_tta-panel-title vc_tta-controls-icon-position-left\"><a href=\"#1682063476046-70d57f93-407b\" data-vc-accordion data-vc-container=\".vc_tta-container\"><span class=\"vc_tta-title-text\">Privacy Policy Update<\/span><i class=\"vc_tta-controls-icon vc_tta-controls-icon-plus\"><\/i><\/a><\/h4><\/div><div class=\"vc_tta-panel-body\">\n\t<div class=\"wpb_text_column wpb_content_element\" >\n\t\t<div class=\"wpb_wrapper\">\n\t\t\t<p>Se a Signinum decidir alterar a pol\u00edtica de privacidade, atualizar\u00e1 esta p\u00e1gina web.<\/p>\n<p>Abril 2023<\/p>\n\n\t\t<\/div>\n\t<\/div>\n<\/div><\/div><\/div><\/div><\/div><\/div><\/div><\/div><\/div><\/div>\n<\/section>","protected":false},"excerpt":{"rendered":"[vc_banner_title color_style=\"light\" title=\"Pol\u00edtica de Privacidade\" img=\"3236\" enable_overlay=\"true\" enable_fullheight=\"true\" columns=\"%5B%7B%7D%5D\" color_animation_text=\"#000000\"][\/vc_banner_title] A Signinum tem como compromisso assegurar a privacidade e prote\u00e7\u00e3o","protected":false},"author":1,"featured_media":0,"parent":0,"menu_order":0,"comment_status":"closed","ping_status":"closed","template":"","meta":{"om_disable_all_campaigns":false,"_monsterinsights_skip_tracking":false,"_monsterinsights_sitenote_active":false,"_monsterinsights_sitenote_note":"","_monsterinsights_sitenote_category":0,"_uf_show_specific_survey":0,"_uf_disable_surveys":false,"footnotes":""},"class_list":["post-3772","page","type-page","status-publish","hentry"],"aioseo_notices":[],"featured_image_src":null,"featured_image_src_square":null,"_links":{"self":[{"href":"https:\/\/signinum.pt\/en\/wp-json\/wp\/v2\/pages\/3772","targetHints":{"allow":["GET"]}}],"collection":[{"href":"https:\/\/signinum.pt\/en\/wp-json\/wp\/v2\/pages"}],"about":[{"href":"https:\/\/signinum.pt\/en\/wp-json\/wp\/v2\/types\/page"}],"author":[{"embeddable":true,"href":"https:\/\/signinum.pt\/en\/wp-json\/wp\/v2\/users\/1"}],"replies":[{"embeddable":true,"href":"https:\/\/signinum.pt\/en\/wp-json\/wp\/v2\/comments?post=3772"}],"version-history":[{"count":7,"href":"https:\/\/signinum.pt\/en\/wp-json\/wp\/v2\/pages\/3772\/revisions"}],"predecessor-version":[{"id":3793,"href":"https:\/\/signinum.pt\/en\/wp-json\/wp\/v2\/pages\/3772\/revisions\/3793"}],"wp:attachment":[{"href":"https:\/\/signinum.pt\/en\/wp-json\/wp\/v2\/media?parent=3772"}],"curies":[{"name":"wp","href":"https:\/\/api.w.org\/{rel}","templated":true}]}}