{"id":3776,"date":"2023-04-20T14:52:53","date_gmt":"2023-04-20T14:52:53","guid":{"rendered":"https:\/\/signinum.pt\/?page_id=3776"},"modified":"2024-01-16T09:17:56","modified_gmt":"2024-01-16T09:17:56","slug":"termos-e-condicoes","status":"publish","type":"page","link":"https:\/\/signinum.pt\/en\/termos-e-condicoes\/","title":{"rendered":"Terms and Conditions"},"content":{"rendered":"<section class=\"wpb-content-wrapper\"><div data-vc-full-width=\"true\" data-vc-full-width-init=\"false\" data-vc-stretch-content=\"true\" class=\"vc_row wpb_row vc_row-fluid vc_row-no-padding\"><div class=\"wpb_column vc_column_container vc_col-sm-12\"><div class=\"vc_column-inner\"><div class=\"wpb_wrapper\">[vc_banner_title color_style=&#8221;light&#8221; title=&#8221;Termos e Condi\u00e7\u00f5es&#8221; img=&#8221;3236&#8243; enable_overlay=&#8221;true&#8221; enable_fullheight=&#8221;true&#8221; columns=&#8221;%5B%7B%7D%5D&#8221; color_animation_text=&#8221;#000000&#8243;][\/vc_banner_title]<\/div><\/div><\/div><\/div><div class=\"vc_row-full-width vc_clearfix\"><\/div><div class=\"vc_row wpb_row vc_row-fluid\"><div class=\"wpb_column vc_column_container vc_col-sm-12\"><div class=\"vc_column-inner\"><div class=\"wpb_wrapper\"><div class=\"vc_empty_space\"   style=\"height: 32px\"><span class=\"vc_empty_space_inner\"><\/span><\/div><\/div><\/div><\/div><\/div><div class=\"vc_row wpb_row vc_row-fluid\"><div class=\"wpb_column vc_column_container vc_col-sm-12\"><div class=\"vc_column-inner\"><div class=\"wpb_wrapper\"><div class=\"vc_tta-container\" data-vc-action=\"collapseAll\"><div class=\"vc_general vc_tta vc_tta-accordion vc_tta-color-grey vc_tta-style-classic vc_tta-shape-rounded vc_tta-o-shape-group vc_tta-controls-align-left vc_tta-o-all-clickable\"><div class=\"vc_tta-panels-container\"><div class=\"vc_tta-panels\"><div class=\"vc_tta-panel\" id=\"1682063803187-079241ac-c3a7\" data-vc-content=\".vc_tta-panel-body\"><div class=\"vc_tta-panel-heading\"><h4 class=\"vc_tta-panel-title vc_tta-controls-icon-position-left\"><a href=\"#1682063803187-079241ac-c3a7\" data-vc-accordion data-vc-container=\".vc_tta-container\"><span class=\"vc_tta-title-text\">Service Policies<\/span><i class=\"vc_tta-controls-icon vc_tta-controls-icon-plus\"><\/i><\/a><\/h4><\/div><div class=\"vc_tta-panel-body\">\n\t<div class=\"wpb_text_column wpb_content_element\" >\n\t\t<div class=\"wpb_wrapper\">\n\t\t\t<p>This website is owned by Signinum. The Service Policies presented here regulate the relationship established between Signinum and the user of the website. These policies may be subject to change whenever Signinum deems it necessary.<\/p>\n<p>In the event that Signinum decides to change these Service Policies, the new version will replace the present one and will be effective from the date of its publication on this website. The relationship between Signinum and all users will be governed by the newly published version.<\/p>\n<p>We advise you to periodically visit this page to ensure that you are aware of the current Service Policies. Please note that Signinum also reserves the right to change the content of this website at any time.<\/p>\n<p>If the user does not agree with these terms and conditions, they will not be able to continue using this website or make any service reservations integrated within it.<\/p>\n\n\t\t<\/div>\n\t<\/div>\n<\/div><\/div><div class=\"vc_tta-panel\" id=\"1682063803188-bcaec612-860c\" data-vc-content=\".vc_tta-panel-body\"><div class=\"vc_tta-panel-heading\"><h4 class=\"vc_tta-panel-title vc_tta-controls-icon-position-left\"><a href=\"#1682063803188-bcaec612-860c\" data-vc-accordion data-vc-container=\".vc_tta-container\"><span class=\"vc_tta-title-text\">Payment Methods and Security<\/span><i class=\"vc_tta-controls-icon vc_tta-controls-icon-plus\"><\/i><\/a><\/h4><\/div><div class=\"vc_tta-panel-body\">\n\t<div class=\"wpb_text_column wpb_content_element\" >\n\t\t<div class=\"wpb_wrapper\">\n\t\t\t<p>A conex\u00e3o \u00e0s p\u00e1ginas de pagamento do site\u00a0<a href=\"http:\/\/www.ana.pt\/\">www.signinum.pt<\/a>\u00a0recorre a uma s\u00e9rie de medidas e m\u00e9todos de seguran\u00e7a para manter as informa\u00e7\u00f5es pessoais dos nossos utilizadores protegidas. No \u00e2mbito deste processo, os seus dados pessoais s\u00e3o encriptados, para que n\u00e3o possam ser lidos por terceiros.<\/p>\n<p>O utilizador poder\u00e1 optar por pagar qualquer dos servi\u00e7os reservados com o cart\u00e3o de cr\u00e9dito.<\/p>\n<p>Signinum is not responsible for any fraudulent, unlawful, or abusive use of credit cards or any other payment method. However, Signinum does not tolerate fraudulent or unlawful attempts or use of these payment methods. If a user attempts to use a payment method without proper authorization, and such occurrence is detected by Signinum, the user will be banned and prohibited from using the services of <a href=\"http:\/\/www.ana.pt\/\">www.signinum.pt<\/a>.<\/p>\n<p>Signinum also reserves the right to take legal action against the wrongdoer.<\/p>\n\n\t\t<\/div>\n\t<\/div>\n<\/div><\/div><div class=\"vc_tta-panel\" id=\"1682063945944-f5d483f2-467c\" data-vc-content=\".vc_tta-panel-body\"><div class=\"vc_tta-panel-heading\"><h4 class=\"vc_tta-panel-title vc_tta-controls-icon-position-left\"><a href=\"#1682063945944-f5d483f2-467c\" data-vc-accordion data-vc-container=\".vc_tta-container\"><span class=\"vc_tta-title-text\">Credit Card<\/span><i class=\"vc_tta-controls-icon vc_tta-controls-icon-plus\"><\/i><\/a><\/h4><\/div><div class=\"vc_tta-panel-body\">\n\t<div class=\"wpb_text_column wpb_content_element\" >\n\t\t<div class=\"wpb_wrapper\">\n\t\t\t<p>The payment for the services available on the website can be made using VISA or Mastercard credit cards that the user is a beneficiary of.<\/p>\n<p>In compliance with new security rules disseminated by VISA International and Europay\/Mastercard International since April 1, 2001, all authorization requests for transactions using cards from those systems can only be processed by RedUnicre if the provided information includes the security code (CVV2\/CVC2) of the respective card. The security code is a three-digit number printed on the back of the card, following the card number, on the right-hand side of the signature panel of all VISA and Europay cards.<\/p>\n<p>Reservations made with a Credit Card are subject to confirmation by RedUnicre. If the request is declined, you should contact your bank or card issuer for further clarification.<\/p>\n\n\t\t<\/div>\n\t<\/div>\n<\/div><\/div><div class=\"vc_tta-panel\" id=\"1682064030987-600c3923-546d\" data-vc-content=\".vc_tta-panel-body\"><div class=\"vc_tta-panel-heading\"><h4 class=\"vc_tta-panel-title vc_tta-controls-icon-position-left\"><a href=\"#1682064030987-600c3923-546d\" data-vc-accordion data-vc-container=\".vc_tta-container\"><span class=\"vc_tta-title-text\">MBnet<\/span><i class=\"vc_tta-controls-icon vc_tta-controls-icon-plus\"><\/i><\/a><\/h4><\/div><div class=\"vc_tta-panel-body\">\n\t<div class=\"wpb_text_column wpb_content_element\" >\n\t\t<div class=\"wpb_wrapper\">\n\t\t\t<p class=\"translation-block\">MBnet is a solution provided by SIBS, the entity responsible for the Multibanco network, to make payments on the website www.signinum.pt in a simple and secure manner. It is not necessary to have a credit card. You can simply join MBnet at a Multibanco ATM or through your home banking service.<\/p>\n<p class=\"translation-block\">When you decide to purchase a service, you can access the website www.signinum.pt and generate a virtual credit card number, specifying the maximum transaction amount. When you make the payment, the purchase amount, up to that limit, will be debited from your bank account. Since it is a virtual card, valid for a single transaction and for an amount up to the maximum limit you set, using MBnet provides you with greater security.<\/p>\n\n\t\t<\/div>\n\t<\/div>\n<\/div><\/div><div class=\"vc_tta-panel\" id=\"1682064074139-2279819b-3680\" data-vc-content=\".vc_tta-panel-body\"><div class=\"vc_tta-panel-heading\"><h4 class=\"vc_tta-panel-title vc_tta-controls-icon-position-left\"><a href=\"#1682064074139-2279819b-3680\" data-vc-accordion data-vc-container=\".vc_tta-container\"><span class=\"vc_tta-title-text\">Pricing Policy<\/span><i class=\"vc_tta-controls-icon vc_tta-controls-icon-plus\"><\/i><\/a><\/h4><\/div><div class=\"vc_tta-panel-body\">\n\t<div class=\"wpb_text_column wpb_content_element\" >\n\t\t<div class=\"wpb_wrapper\">\n\t\t\t<p>All prices mentioned include VAT at the current legal rate in force for Portugal.<\/p>\n\n\t\t<\/div>\n\t<\/div>\n<\/div><\/div><div class=\"vc_tta-panel\" id=\"1682064102426-ad5ef51f-253d\" data-vc-content=\".vc_tta-panel-body\"><div class=\"vc_tta-panel-heading\"><h4 class=\"vc_tta-panel-title vc_tta-controls-icon-position-left\"><a href=\"#1682064102426-ad5ef51f-253d\" data-vc-accordion data-vc-container=\".vc_tta-container\"><span class=\"vc_tta-title-text\">Exchange Rate Policy<\/span><i class=\"vc_tta-controls-icon vc_tta-controls-icon-plus\"><\/i><\/a><\/h4><\/div><div class=\"vc_tta-panel-body\">\n\t<div class=\"wpb_text_column wpb_content_element\" >\n\t\t<div class=\"wpb_wrapper\">\n\t\t\t<p>The currency used as the base for indicating the prices of services is the Euro, and the final purchase is made in Euros.<\/p>\n\n\t\t<\/div>\n\t<\/div>\n<\/div><\/div><div class=\"vc_tta-panel\" id=\"1682064161567-cafa8696-3a13\" data-vc-content=\".vc_tta-panel-body\"><div class=\"vc_tta-panel-heading\"><h4 class=\"vc_tta-panel-title vc_tta-controls-icon-position-left\"><a href=\"#1682064161567-cafa8696-3a13\" data-vc-accordion data-vc-container=\".vc_tta-container\"><span class=\"vc_tta-title-text\">Recommendations and Precautions<\/span><i class=\"vc_tta-controls-icon vc_tta-controls-icon-plus\"><\/i><\/a><\/h4><\/div><div class=\"vc_tta-panel-body\">\n\t<div class=\"wpb_text_column wpb_content_element\" >\n\t\t<div class=\"wpb_wrapper\">\n\t\t\t<p>Signinum is committed to ensuring the privacy and protection of personal data of all those who are associated with it, including users of the website www.signinum.pt. <a href=\"http:\/\/www.ana.pt\/\">www.signinum.pt<\/a>.<\/p>\n<p>Signinum advises users to take responsible actions in order to protect their personal data. In this regard,<\/p>\n<p>Signinum recommends the following<\/p>\n<p>- Do not share your username and password.<\/p>\n<p>&#8211;\u00a0 N\u00e3o anotar quer a senha, quer o nome de utilizador em locais de f\u00e1cil acesso (agenda, computador, etc.);<\/p>\n<p>- When accessing the payment page or personal data editing pages, ensure that your browser is in a secure session (indicated by a specific symbol and a lock icon in the browser's footer, and the web address starting with \"https:\/\/\"). You can also verify that the secure session certificate belongs to Signinum by checking the information displayed when clicking on the lock icon.<\/p>\n<p>- Make sure to close the browser when you're away from the computer.<\/p>\n<p>- Ensure that the device or computer network you are using to access www.signinum.pt is free from viruses and spyware.\u00a0<a href=\"http:\/\/www.ana.pt\/\">www.signinum.pt<\/a>\u00a0se encontra livre de v\u00edrus e spyware.<\/p>\n\n\t\t<\/div>\n\t<\/div>\n<\/div><\/div><div class=\"vc_tta-panel\" id=\"1682064231288-157a12c3-d951\" data-vc-content=\".vc_tta-panel-body\"><div class=\"vc_tta-panel-heading\"><h4 class=\"vc_tta-panel-title vc_tta-controls-icon-position-left\"><a href=\"#1682064231288-157a12c3-d951\" data-vc-accordion data-vc-container=\".vc_tta-container\"><span class=\"vc_tta-title-text\">Intellectual Property Rights<\/span><i class=\"vc_tta-controls-icon vc_tta-controls-icon-plus\"><\/i><\/a><\/h4><\/div><div class=\"vc_tta-panel-body\">\n\t<div class=\"wpb_text_column wpb_content_element\" >\n\t\t<div class=\"wpb_wrapper\">\n\t\t\t<p>All intellectual property rights related to the information provided on this website, including but not limited to text content, titles, photographs, images, moving images, illustrations, names, logos, and trademarks, belong to Signinum or possible licensors. The fact that Signinum provides this information does not, under any circumstances, grant the user the right to reproduce or distribute this information. Such actions are not allowed without the prior consent of Signinum or the aforementioned possible licensors. However, the user is authorized to download and\/or print the information for personal and non-commercial purposes. It is not permitted to display this website embedded in other websites that do not belong to Signinum.<\/p>\n<p>O utilizador pode, no entanto, criar e distribuir links para as p\u00e1ginas do\u00a0<a href=\"http:\/\/www.ana.pt\/\">www.signinum.pt<\/a>. A Signinum reserva-se o direito de aceitar ou n\u00e3o esses links.<\/p>\n\n\t\t<\/div>\n\t<\/div>\n<\/div><\/div><div class=\"vc_tta-panel\" id=\"1682064304233-802c949b-135c\" data-vc-content=\".vc_tta-panel-body\"><div class=\"vc_tta-panel-heading\"><h4 class=\"vc_tta-panel-title vc_tta-controls-icon-position-left\"><a href=\"#1682064304233-802c949b-135c\" data-vc-accordion data-vc-container=\".vc_tta-container\"><span class=\"vc_tta-title-text\">Advertising, Promotion, and Third-Party Content<\/span><i class=\"vc_tta-controls-icon vc_tta-controls-icon-plus\"><\/i><\/a><\/h4><\/div><div class=\"vc_tta-panel-body\">\n\t<div class=\"wpb_text_column wpb_content_element\" >\n\t\t<div class=\"wpb_wrapper\">\n\t\t\t<p class=\"translation-block\">The website and mobile version of www.signinum.pt may contain advertisements (including banners), promotions, and other content provided by third parties, including merchants. All advertisements, promotions, and other content (including referral buttons and hyperlinks) do not constitute a recommendation or endorsement on our part regarding the promoted goods, services, or the destination website of the link.<\/p>\n<p class=\"translation-block\">All information displayed in advertisements or on the destination websites of the links on www.signinum.pt or the mobile version is the sole responsibility of the advertisers. If the user requires clarification regarding any advertised product or service, they should contact the respective advertiser.<\/p>\n<p>In particular, Signinum does not have control or responsibility for:<\/p>\n<p>1 - The quality, safety, or legality of any goods or services advertised by third parties.<\/p>\n<p>2- The truthfulness or accuracy of the description of goods or services advertised by third parties.<\/p>\n<p>3 - The competence or authorization of the advertiser, merchant, or third parties to sell such a product or service.<\/p>\n<p>Regarding merchants, Signinum also monitors user feedback regarding products and the merchants themselves, as long as this feedback is provided through the \"Customer Support\/Suggestions\" system.<\/p>\n\n\t\t<\/div>\n\t<\/div>\n<\/div><\/div><div class=\"vc_tta-panel\" id=\"1682064374208-b46d56bd-5bb8\" data-vc-content=\".vc_tta-panel-body\"><div class=\"vc_tta-panel-heading\"><h4 class=\"vc_tta-panel-title vc_tta-controls-icon-position-left\"><a href=\"#1682064374208-b46d56bd-5bb8\" data-vc-accordion data-vc-container=\".vc_tta-container\"><span class=\"vc_tta-title-text\">Links<\/span><i class=\"vc_tta-controls-icon vc_tta-controls-icon-plus\"><\/i><\/a><\/h4><\/div><div class=\"vc_tta-panel-body\">\n\t<div class=\"wpb_text_column wpb_content_element\" >\n\t\t<div class=\"wpb_wrapper\">\n\t\t\t<p class=\"translation-block\">www.signinum.pt may contain links to external websites operated by third parties, including merchants and operators. The websites corresponding to these external links are not under the control of Signinum, and Signinum assumes no responsibility for the content of such websites or the provision of any goods or services that the user may acquire or contract through any of those websites, nor for the websites linked to them or mentioned on them. Signinum cannot guarantee that the content contained on any third-party website is accurate, legal, or harmless.<\/p>\n<p class=\"translation-block\">Some external websites may be displayed within the www.signinum.pt website through frames, whether or not including some of our website's content, or they may include reciprocal links to our website. These features are provided solely for the convenience of the user and do not constitute an endorsement of those websites or their content.<\/p>\n<p>The user assumes sole responsibility for the use of external websites.<\/p>\n\n\t\t<\/div>\n\t<\/div>\n<\/div><\/div><div class=\"vc_tta-panel\" id=\"1682064432826-9ea198e3-2218\" data-vc-content=\".vc_tta-panel-body\"><div class=\"vc_tta-panel-heading\"><h4 class=\"vc_tta-panel-title vc_tta-controls-icon-position-left\"><a href=\"#1682064432826-9ea198e3-2218\" data-vc-accordion data-vc-container=\".vc_tta-container\"><span class=\"vc_tta-title-text\">Termination of Use<\/span><i class=\"vc_tta-controls-icon vc_tta-controls-icon-plus\"><\/i><\/a><\/h4><\/div><div class=\"vc_tta-panel-body\">\n\t<div class=\"wpb_text_column wpb_content_element\" >\n\t\t<div class=\"wpb_wrapper\">\n\t\t\t<p>A Signinum pode, a qualquer momento e pelos crit\u00e9rios que considere apropriados, terminar o acesso do utilizador ao site <a href=\"http:\/\/www.ana.pt\/\">www.signinum.pt<\/a>.<\/p>\n\n\t\t<\/div>\n\t<\/div>\n<\/div><\/div><div class=\"vc_tta-panel\" id=\"1682064475079-59633d53-bc97\" data-vc-content=\".vc_tta-panel-body\"><div class=\"vc_tta-panel-heading\"><h4 class=\"vc_tta-panel-title vc_tta-controls-icon-position-left\"><a href=\"#1682064475079-59633d53-bc97\" data-vc-accordion data-vc-container=\".vc_tta-container\"><span class=\"vc_tta-title-text\">Privacy<\/span><i class=\"vc_tta-controls-icon vc_tta-controls-icon-plus\"><\/i><\/a><\/h4><\/div><div class=\"vc_tta-panel-body\">\n\t<div class=\"wpb_text_column wpb_content_element\" >\n\t\t<div class=\"wpb_wrapper\">\n\t\t\t<p class=\"translation-block\">Please consult our privacy policy here, which defines how we collect and use personal information that we may obtain through your use of www.signinum.pt.<\/p>\n<p>A Signinum recorre apenas a entidades que apresentem garantias de execu\u00e7\u00e3o de medidas t\u00e9cnicas e organizativas adequadas de forma a satisfazer os requisitos legais, designadamente no \u00e2mbito da seguran\u00e7a e confidencialidade. Pretende a Signinum, assim, assegurar a defesa dos direitos dos titulares dos dados pessoais, por forma a garantir a respetiva prote\u00e7\u00e3o contra a acessos n\u00e3o autorizados, usos impr\u00f3prios, perda ou destrui\u00e7\u00e3o.<\/p>\n<p>These technical and organizational measures are regularly reviewed and improved, and the website www.signinum.pt is constantly monitored by specific tools to detect and eliminate potential cyber-attacks. <a href=\"http:\/\/www.ana.pt\/\">www.signinum.pt<\/a> \u00e9 monitorizado constantemente por ferramentas espec\u00edficas para detetar e eliminar potenciais ataques inform\u00e1ticos.<\/p>\n\n\t\t<\/div>\n\t<\/div>\n<\/div><\/div><div class=\"vc_tta-panel\" id=\"1682064548121-acf55bfa-e669\" data-vc-content=\".vc_tta-panel-body\"><div class=\"vc_tta-panel-heading\"><h4 class=\"vc_tta-panel-title vc_tta-controls-icon-position-left\"><a href=\"#1682064548121-acf55bfa-e669\" data-vc-accordion data-vc-container=\".vc_tta-container\"><span class=\"vc_tta-title-text\">Limitation of Warranty<\/span><i class=\"vc_tta-controls-icon vc_tta-controls-icon-plus\"><\/i><\/a><\/h4><\/div><div class=\"vc_tta-panel-body\">\n\t<div class=\"wpb_text_column wpb_content_element\" >\n\t\t<div class=\"wpb_wrapper\">\n\t\t\t<p>Signinum strives to ensure that the information contained on this website is accurate and complete. However, Signinum cannot explicitly or implicitly guarantee that the information on the website is complete and accurate or that this website will not experience delays or interruptions.<\/p>\n\n\t\t<\/div>\n\t<\/div>\n<\/div><\/div><div class=\"vc_tta-panel\" id=\"1682064593557-7f686ee9-0694\" data-vc-content=\".vc_tta-panel-body\"><div class=\"vc_tta-panel-heading\"><h4 class=\"vc_tta-panel-title vc_tta-controls-icon-position-left\"><a href=\"#1682064593557-7f686ee9-0694\" data-vc-accordion data-vc-container=\".vc_tta-container\"><span class=\"vc_tta-title-text\">Limitation of Liability<\/span><i class=\"vc_tta-controls-icon vc_tta-controls-icon-plus\"><\/i><\/a><\/h4><\/div><div class=\"vc_tta-panel-body\">\n\t<div class=\"wpb_text_column wpb_content_element\" >\n\t\t<div class=\"wpb_wrapper\">\n\t\t\t<p>The user of the website agrees not to hold Signinum responsible for any direct or indirect loss resulting from the use of the information contained therein. Similarly, Signinum is not responsible for the services and\/or products offered by third parties through this website.<\/p>\n\n\t\t<\/div>\n\t<\/div>\n<\/div><\/div><div class=\"vc_tta-panel\" id=\"1682064632078-f1a85afe-043f\" data-vc-content=\".vc_tta-panel-body\"><div class=\"vc_tta-panel-heading\"><h4 class=\"vc_tta-panel-title vc_tta-controls-icon-position-left\"><a href=\"#1682064632078-f1a85afe-043f\" data-vc-accordion data-vc-container=\".vc_tta-container\"><span class=\"vc_tta-title-text\">General<\/span><i class=\"vc_tta-controls-icon vc_tta-controls-icon-plus\"><\/i><\/a><\/h4><\/div><div class=\"vc_tta-panel-body\">\n\t<div class=\"wpb_text_column wpb_content_element\" >\n\t\t<div class=\"wpb_wrapper\">\n\t\t\t<p class=\"translation-block\">Signinum, as well as the merchants present on www.signinum.pt, shall not be liable for delays or non-performance due to force majeure, disruption, total or partial strike, flood, fire, or war.<\/p>\n<p>O acordo entre o utilizador e a Signinum, baseado nestes termos e condi\u00e7\u00f5es, ser\u00e1 regido e interpretado de acordo com a legisla\u00e7\u00e3o portuguesa.<\/p>\n<p>The user irrevocably and unconditionally agrees to submit to the non-exclusive jurisdiction of the judicial court of Lisbon, in relation to this agreement.<\/p>\n\n\t\t<\/div>\n\t<\/div>\n<\/div><\/div><\/div><\/div><\/div><\/div><\/div><\/div><\/div><\/div>\n<\/section>","protected":false},"excerpt":{"rendered":"[vc_banner_title color_style=\"light\" title=\"Termos e Condi\u00e7\u00f5es\" img=\"3236\" enable_overlay=\"true\" enable_fullheight=\"true\" columns=\"%5B%7B%7D%5D\" color_animation_text=\"#000000\"][\/vc_banner_title]Pol\u00edticas de Servi\u00e7o Este site \u00e9 propriedade da Signinum. As Pol\u00edticas","protected":false},"author":1,"featured_media":0,"parent":0,"menu_order":0,"comment_status":"closed","ping_status":"closed","template":"","meta":{"om_disable_all_campaigns":false,"_monsterinsights_skip_tracking":false,"_monsterinsights_sitenote_active":false,"_monsterinsights_sitenote_note":"","_monsterinsights_sitenote_category":0,"_uf_show_specific_survey":0,"_uf_disable_surveys":false,"footnotes":""},"class_list":["post-3776","page","type-page","status-publish","hentry"],"aioseo_notices":[],"featured_image_src":null,"featured_image_src_square":null,"_links":{"self":[{"href":"https:\/\/signinum.pt\/en\/wp-json\/wp\/v2\/pages\/3776","targetHints":{"allow":["GET"]}}],"collection":[{"href":"https:\/\/signinum.pt\/en\/wp-json\/wp\/v2\/pages"}],"about":[{"href":"https:\/\/signinum.pt\/en\/wp-json\/wp\/v2\/types\/page"}],"author":[{"embeddable":true,"href":"https:\/\/signinum.pt\/en\/wp-json\/wp\/v2\/users\/1"}],"replies":[{"embeddable":true,"href":"https:\/\/signinum.pt\/en\/wp-json\/wp\/v2\/comments?post=3776"}],"version-history":[{"count":4,"href":"https:\/\/signinum.pt\/en\/wp-json\/wp\/v2\/pages\/3776\/revisions"}],"predecessor-version":[{"id":3915,"href":"https:\/\/signinum.pt\/en\/wp-json\/wp\/v2\/pages\/3776\/revisions\/3915"}],"wp:attachment":[{"href":"https:\/\/signinum.pt\/en\/wp-json\/wp\/v2\/media?parent=3776"}],"curies":[{"name":"wp","href":"https:\/\/api.w.org\/{rel}","templated":true}]}}