{"id":461,"date":"2017-01-13T13:44:37","date_gmt":"2017-01-13T13:44:37","guid":{"rendered":"http:\/\/prague.foxthemes.me\/?page_id=461"},"modified":"2026-04-21T11:00:10","modified_gmt":"2026-04-21T11:00:10","slug":"recrutamento","status":"publish","type":"page","link":"https:\/\/signinum.pt\/en\/recrutamento\/","title":{"rendered":"Recruitment"},"content":{"rendered":"<section class=\"wpb-content-wrapper\"><div data-vc-full-width=\"true\" data-vc-full-width-init=\"false\" class=\"vc_row wpb_row vc_row-fluid vc_custom_1522847031711 vc_row-has-fill vc_row-o-full-height vc_row-o-columns-top vc_row-o-content-top vc_row-flex\"><div class=\"wpb_column vc_column_container vc_col-sm-12\"><div class=\"vc_column-inner vc_custom_1484611271473\"><div class=\"wpb_wrapper\">[vc_banner_title color_style=&#8221;light&#8221; heading_size=&#8221;h2&#8243; subtitle=&#8221;RECRUTAMENTO&#8221; title=&#8221;VEJA AS \u00daLTIMAS VAGAS DA SIGNINUM&#8221; columns=&#8221;%5B%7B%7D%5D&#8221;][\/vc_banner_title]<\/div><\/div><\/div><div class=\"wpb_column vc_column_container vc_col-sm-3 vc_col-md-3 vc_col-xs-12\"><div class=\"vc_column-inner vc_custom_1496309586657\"><div class=\"wpb_wrapper\">[vc_pricing subtitle=&#8221;BRAGA&#8221; title=&#8221;Carpinteiro (M\/F)&#8221; button=&#8221;url:mailto%3Arecursoshumanos%40signinum.pt|title:CANDIDATAR|target:_blank&#8221; button_style=&#8221;creative&#8221; button_link_class=&#8221;prague-pricing-link a-btn-2 creative&#8221; button_span_class=&#8221;a-btn-line&#8221;]<\/p>\n<p class=\"v1MsoNormal\" style=\"text-align: center;\"><b>Requirements: <\/b><\/p>\n<p style=\"text-align: center;\">Availability<\/p>\n<p style=\"text-align: center;\">Mininum 2 years' experience in the role<\/p>\n<p style=\"text-align: center;\">Knowledge about materials and tecniques<\/p>\n<p style=\"text-align: center;\">de constru\u00e7\u00e3o\/produ\u00e7\u00e3o<\/p>\n<p class=\"v1MsoNormal\" style=\"text-align: center;\"><b>We offer: <\/b><\/p>\n<p style=\"text-align: center;\">Full-time contract<\/p>\n<p style=\"text-align: center;\">Dynamic enterprise integration<\/p>\n<p style=\"text-align: center;\">Compatible salary<\/p>\n<p>[\/vc_pricing]<\/div><\/div><\/div><div class=\"wpb_column vc_column_container vc_col-sm-3 vc_col-md-3 vc_col-xs-12\"><div class=\"vc_column-inner vc_custom_1496309612938\"><div class=\"wpb_wrapper\">[vc_pricing subtitle=&#8221;Braga&#8221; title=&#8221;Conservador-Restaurador&#8221; button=&#8221;url:mailto%3Arecursoshumanos%40signinum.pt|title:CANDIDATAR|target:_blank&#8221; button_style=&#8221;creative&#8221; button_link_class=&#8221;prague-pricing-link a-btn-2 creative&#8221; button_span_class=&#8221;a-btn-line&#8221;]<\/p>\n<p style=\"text-align: center;\"><strong>Requirements<\/strong>:<br \/>\nLicenciatura pr\u00e9-Bolonha\/Mestrado em Conserva\u00e7\u00e3o e Restauro<br \/>\nForma\u00e7\u00e3o em Pintura<br \/>\n<strong>We offer<\/strong>:<br \/>\nFull-time contract<br \/>\nDynamic enterprise integration<br \/>\nCompatible salary<\/p>\n<p>[\/vc_pricing]<\/div><\/div><\/div><div class=\"wpb_column vc_column_container vc_col-sm-3 vc_col-md-3 vc_col-xs-12\"><div class=\"vc_column-inner vc_custom_1732814412583\"><div class=\"wpb_wrapper\">[vc_pricing subtitle=&#8221;Norte&#8221; title=&#8221;Eng. Civil\/or\u00e7amentista&#8221; button=&#8221;url:mailto%3Arecursoshumanos%40signinum.pt|title:CANDIDATAR|target:_blank&#8221; button_style=&#8221;creative&#8221; button_link_class=&#8221;prague-pricing-link a-btn-2 creative&#8221; button_span_class=&#8221;a-btn-line&#8221;]<\/p>\n<p style=\"text-align: center;\"><strong>Requirements<\/strong>:<\/p>\n<p style=\"text-align: center;\">Degree in Civil Engineering<br \/>\nM\u00ednimo de 2 anos de experi\u00eancia em or\u00e7amenta\u00e7\u00e3o<\/p>\n<p style=\"text-align: center;\">Conhecimentos em CCP<\/p>\n<p style=\"text-align: center;\"><strong>We offer<\/strong>:<br \/>\nFull-time contract<br \/>\nDynamic enterprise integration<br \/>\nCompatible salary<\/p>\n<p>[\/vc_pricing]<\/div><\/div><\/div><\/div><div class=\"vc_row-full-width vc_clearfix\"><\/div><div class=\"vc_row wpb_row vc_row-fluid\"><div class=\"wpb_column vc_column_container vc_col-sm-12\"><div class=\"vc_column-inner\"><div class=\"wpb_wrapper\">[vc_headings title=&#8221;Candidatura Espont\u00e2nea&#8221; subtitle=&#8221;Tens o que \u00e9 preciso?&#8221; enable_divider=&#8221;true&#8221;][\/vc_headings]<\/div><\/div><\/div><\/div><div class=\"vc_row wpb_row vc_row-fluid\"><div class=\"wpb_column vc_column_container vc_col-sm-12\"><div class=\"vc_column-inner\"><div class=\"wpb_wrapper\">\n\t<div class=\"wpb_raw_code wpb_content_element wpb_raw_html\" id=\"3359\">\n\t\t<div class=\"wpb_wrapper\">\n\t\t\t<div class=\"forminator-ui forminator-custom-form forminator-custom-form-3359 forminator-design--material  forminator_ajax\" data-forminator-render=\"0\" data-form=\"forminator-module-3359\" data-uid=\"69eb5201a65cb\"><br\/><\/div><form\n\t\t\t\tid=\"forminator-module-3359\"\n\t\t\t\tclass=\"forminator-ui forminator-custom-form forminator-custom-form-3359 forminator-design--material  forminator_ajax\"\n\t\t\t\tmethod=\"post\"\n\t\t\t\tdata-forminator-render=\"0\"\n\t\t\t\tdata-form-id=\"3359\"\n\t\t\t\t\n\t\t\t\tdata-design=\"material\"\n\t\t\t\t\n\t\t\t\t\n\t\t\t\t\n\t\t\t\tdata-grid=\"open\"\n\t\t\t\tenctype=\"multipart\/form-data\"\n\t\t\t\t\n\t\t\t\tstyle=\"display: none;\"\n\t\t\t\t\n\t\t\t\tdata-uid=\"69eb5201a65cb\" action=\"\"\n\t\t\t><div role=\"alert\" aria-live=\"polite\" class=\"forminator-response-message forminator-error\" aria-hidden=\"true\"><\/div><div class=\"forminator-row\"><div id=\"name-1\" class=\"forminator-field-name forminator-col forminator-col-12\"><div class=\"forminator-field\"><label for=\"forminator-field-name-1_69eb5201a65cb\" id=\"forminator-field-name-1_69eb5201a65cb-label\" class=\"forminator-label\">First Name <span class=\"forminator-required\">*<\/span><\/label><input type=\"text\" name=\"name-1\" value=\"\" placeholder=\"First Name\" id=\"forminator-field-name-1_69eb5201a65cb\" class=\"forminator-input forminator-name--field\" aria-required=\"true\" \/><\/div><\/div><\/div><div class=\"forminator-row\"><div id=\"name-2\" class=\"forminator-field-name forminator-col forminator-col-12\"><div class=\"forminator-field\"><label for=\"forminator-field-name-2_69eb5201a65cb\" id=\"forminator-field-name-2_69eb5201a65cb-label\" class=\"forminator-label\">Last Name <span class=\"forminator-required\">*<\/span><\/label><input type=\"text\" name=\"name-2\" value=\"\" placeholder=\"Last Name\" id=\"forminator-field-name-2_69eb5201a65cb\" class=\"forminator-input forminator-name--field\" aria-required=\"true\" \/><\/div><\/div><\/div><div class=\"forminator-row\"><div id=\"email-1\" class=\"forminator-field-email forminator-col forminator-col-12\"><div class=\"forminator-field\"><label for=\"forminator-field-email-1_69eb5201a65cb\" id=\"forminator-field-email-1_69eb5201a65cb-label\" class=\"forminator-label\">Email Address <span class=\"forminator-required\">*<\/span><\/label><input type=\"email\" name=\"email-1\" value=\"\" placeholder=\"Email@email.com\" id=\"forminator-field-email-1_69eb5201a65cb\" class=\"forminator-input forminator-email--field\" data-required=\"true\" aria-required=\"true\" \/><\/div><\/div><\/div><div class=\"forminator-row\"><div id=\"upload-1\" class=\"forminator-field-upload forminator-col forminator-col-12  form-field\"><div class=\"forminator-field\"><label for=\"forminator-field-upload-1_69eb5201a65cb\" id=\"forminator-field-upload-1_69eb5201a65cb-label\" class=\"forminator-label\">Upload CV <span class=\"forminator-required\">*<\/span><\/label><div class=\"forminator-file-upload\" data-element=\"upload-1_69eb5201a65cb\"><input type=\"file\" name=\"upload-1\" id=\"forminator-field-upload-1_69eb5201a65cb\" class=\"forminator-input-file-required do-validate\" accept=\".webp,.doc,.docx\"><button id=\"forminator-field-upload-1_69eb5201a65cb_button\" class=\"forminator-button forminator-button-upload\" data-id=\"forminator-field-upload-1_69eb5201a65cb\">Choose File<\/button><span data-empty-text=\"No file chosen\">No file chosen<\/span><button class=\"forminator-button-delete\" style=\"display: none;\"><i class=\"forminator-icon-close\" aria-hidden=\"true\"><\/i><span class=\"forminator-screen-reader-only\">Delete uploaded file<\/span><\/button><\/div><\/div><\/div><\/div><input type=\"hidden\" name=\"referer_url\" value=\"\" \/><div class=\"forminator-row forminator-row-last\"><div class=\"forminator-col\"><div class=\"forminator-field\"><button class=\"forminator-button forminator-button-submit\"><span>Apply<\/span><span aria-hidden=\"true\"><\/span><\/button><\/div><\/div><\/div><input type=\"hidden\" id=\"forminator_nonce\" name=\"forminator_nonce\" value=\"f9f19511a0\" \/><input type=\"hidden\" name=\"_wp_http_referer\" value=\"\/en\/wp-json\/wp\/v2\/pages\/461\" \/><input type=\"hidden\" name=\"form_id\" value=\"3359\"><input type=\"hidden\" name=\"page_id\" value=\"461\"><input type=\"hidden\" name=\"form_type\" value=\"default\"><input type=\"hidden\" name=\"current_url\" value=\"https:\/\/signinum.pt\/en\/recrutamento\/\"><input type=\"hidden\" name=\"render_id\" value=\"0\"><input type=\"hidden\" name=\"action\" value=\"forminator_submit_form_custom-forms\"><input type=\"hidden\" name=\"trp-form-language\" value=\"en\"\/><\/form>\n\t\t<\/div>\n\t<\/div>\n<\/div><\/div><\/div><\/div>\n<\/section>","protected":false},"excerpt":{"rendered":"[vc_banner_title color_style=\"light\" heading_size=\"h2\" subtitle=\"RECRUTAMENTO\" title=\"VEJA AS \u00daLTIMAS VAGAS DA SIGNINUM\" columns=\"%5B%7B%7D%5D\"][\/vc_banner_title][vc_pricing subtitle=\"BRAGA\" title=\"Carpinteiro (M\/F)\" button=\"url:mailto%3Arecursoshumanos%40signinum.pt|title:CANDIDATAR|target:_blank\" button_style=\"creative\" button_link_class=\"prague-pricing-link a-btn-2 creative\" button_span_class=\"a-btn-line\"]","protected":false},"author":1,"featured_media":0,"parent":0,"menu_order":0,"comment_status":"closed","ping_status":"closed","template":"","meta":{"om_disable_all_campaigns":false,"_monsterinsights_skip_tracking":false,"_monsterinsights_sitenote_active":false,"_monsterinsights_sitenote_note":"","_monsterinsights_sitenote_category":0,"_uf_show_specific_survey":0,"_uf_disable_surveys":false,"footnotes":""},"class_list":["post-461","page","type-page","status-publish","hentry"],"aioseo_notices":[],"featured_image_src":null,"featured_image_src_square":null,"_links":{"self":[{"href":"https:\/\/signinum.pt\/en\/wp-json\/wp\/v2\/pages\/461","targetHints":{"allow":["GET"]}}],"collection":[{"href":"https:\/\/signinum.pt\/en\/wp-json\/wp\/v2\/pages"}],"about":[{"href":"https:\/\/signinum.pt\/en\/wp-json\/wp\/v2\/types\/page"}],"author":[{"embeddable":true,"href":"https:\/\/signinum.pt\/en\/wp-json\/wp\/v2\/users\/1"}],"replies":[{"embeddable":true,"href":"https:\/\/signinum.pt\/en\/wp-json\/wp\/v2\/comments?post=461"}],"version-history":[{"count":47,"href":"https:\/\/signinum.pt\/en\/wp-json\/wp\/v2\/pages\/461\/revisions"}],"predecessor-version":[{"id":4121,"href":"https:\/\/signinum.pt\/en\/wp-json\/wp\/v2\/pages\/461\/revisions\/4121"}],"wp:attachment":[{"href":"https:\/\/signinum.pt\/en\/wp-json\/wp\/v2\/media?parent=461"}],"curies":[{"name":"wp","href":"https:\/\/api.w.org\/{rel}","templated":true}]}}