{"id":961,"date":"2017-02-01T13:12:22","date_gmt":"2017-02-01T13:12:22","guid":{"rendered":"http:\/\/prague.foxthemes.me\/?page_id=961"},"modified":"2026-01-02T16:23:18","modified_gmt":"2026-01-02T16:23:18","slug":"onepage-home","status":"publish","type":"page","link":"https:\/\/signinum.pt\/en\/","title":{"rendered":"Home"},"content":{"rendered":"<section class=\"wpb-content-wrapper\"><div data-vc-full-width=\"true\" data-vc-full-width-init=\"false\" data-vc-stretch-content=\"true\" class=\"vc_row wpb_row vc_row-fluid vc_row-no-padding\"><div class=\"wpb_column vc_column_container vc_col-sm-12\"><div class=\"vc_column-inner\"><div class=\"wpb_wrapper\">[vc_banner_title style=&#8221;big&#8221; color_style=&#8221;light&#8221; subtitle=&#8221;A VALORIZAR PATRIM\u00d3NIO DESDE 2001&#8243; title=&#8221;SIGNINUM 25 ANOS&#8221; img=&#8221;3236&#8243; style_button=&#8221;creative&#8221; enable_overlay=&#8221;true&#8221; enable_fullheight=&#8221;true&#8221; columns=&#8221;%5B%7B%7D%5D&#8221;][\/vc_banner_title]<\/div><\/div><\/div><\/div><div class=\"vc_row-full-width vc_clearfix\"><\/div><div class=\"vc_row wpb_row vc_row-fluid  margin-lg-55t margin-sm-20t\"><div class=\"wpb_column vc_column_container vc_col-sm-12\"><div class=\"vc_column-inner\"><div class=\"wpb_wrapper\">[vc_headings vertical_line=&#8221;true&#8221; title=&#8221;\u00daltimos Projectos&#8221; class=&#8221;&#8220;title&#8221;][\/vc_headings]<\/div><\/div><\/div><\/div><div class=\"vc_row wpb_row vc_row-fluid  margin-lg-35t margin-sm-20t\"><div class=\"wpb_column vc_column_container vc_col-sm-12\"><div class=\"vc_column-inner\"><div class=\"wpb_wrapper\">[vc_projects_posts templates=&#8221;grid&#8221; post_type=&#8221;projects&#8221; total_columns=&#8221;prague_count_col3&#8243; gap_columns=&#8221;prague_gap_col15&#8243; image_original_size=&#8221;medium_large&#8221; enable_load_more=&#8221;true&#8221; enable_new_window=&#8221;true&#8221; orderby=&#8221;date&#8221; button_link_class=&#8221;prague-services-link a-btn-2 simple&#8221; button_span_class=&#8221;a-btn-line&#8221; posts_per_page=&#8221;6&#8243;]<\/div><\/div><\/div><\/div><div data-vc-full-width=\"true\" data-vc-full-width-init=\"false\" data-vc-stretch-content=\"true\" class=\"vc_row wpb_row vc_row-fluid vc_row-no-padding  margin-lg-140t margin-sm-50t\"><div class=\"wpb_column vc_column_container vc_col-sm-12\"><div class=\"vc_column-inner\"><div class=\"wpb_wrapper\">[vc_wrapper title=&#8221;Os Nossos servi\u00e7os&#8221; subtitle=&#8221;SERVI\u00c7OS&#8221; image=&#8221;3257&#8243; color_style=&#8221;light&#8221;][vc_projects_posts templates=&#8221;services&#8221; post_type=&#8221;services&#8221; total_columns=&#8221;prague_count_col3&#8243; gap_columns=&#8221;prague_gap_col15&#8243; image_original_size=&#8221;large&#8221; orderby=&#8221;date&#8221; order=&#8221;ASC&#8221; button_link_class=&#8221;prague-services-link a-btn-2 creative&#8221; button_span_class=&#8221;a-btn-line&#8221; posts_per_page=&#8221;6&#8243; button_style=&#8221;creative&#8221;][\/vc_wrapper]<\/div><\/div><\/div><\/div><div class=\"vc_row-full-width vc_clearfix\"><\/div><div class=\"vc_row wpb_row vc_row-fluid  margin-lg-0t margin-sm-20t\"><div class=\"wpb_column vc_column_container vc_col-sm-12\"><div class=\"vc_column-inner\"><div class=\"wpb_wrapper\">[vc_headings title=&#8221;Pr\u00e9mios recebidos&#8221;][\/vc_headings]<\/div><\/div><\/div><\/div><div class=\"vc_row wpb_row vc_row-fluid\"><div class=\"wpb_column vc_column_container vc_col-sm-12 vc_col-md-6\"><div class=\"vc_column-inner\"><div class=\"wpb_wrapper\">[vc_awards list_awards=&#8221;%5B%7B%22year%22%3A%222022%22%2C%22title%22%3A%22Empresa%20Inovadora%20Cotec%202022%22%2C%22link%22%3A%22Lorem%20Ipsum%22%2C%22subtitle%22%3A%22A%20Signinum%20%C3%A9%20uma%20das%20empresas%20mais%20inovadoras%20durante%20o%20ano%20de%202022%2C%20pela%20Cotec%20Portugal.%22%7D%2C%7B%22year%22%3A%222018%22%2C%22title%22%3A%22PR%C3%89MIO%20NACIONAL%20DE%20REABILITA%C3%87%C3%83O%20URBANA%20(PNRU)%2C%20%C3%81REA%20DE%20RESTAURO%22%2C%22subtitle%22%3A%22O%20projeto%20de%20restauro%20e%20recupera%C3%A7%C3%A3o%20da%20Quinta%20Alegrete%2C%20im%C3%B3vel%20da%20Santa%20Casa%20de%20Miseric%C3%B3rdia%20de%20Lisboa%2C%20venceu%20a%206.%C2%AA%20edi%C3%A7%C3%A3o%20do%20Pr%C3%A9mio%20Nacional%20de%20Reabilito%20Urbana%2C%20%C3%A1rea%20de%20Restauro.%22%2C%22separator%22%3A%22true%22%7D%2C%7B%22year%22%3A%222017%22%2C%22title%22%3A%22SELO%20DE%20EXCEL%C3%8ANCIA%20DO%20PROGRAMA-QUADRO%20COMUNIT%C3%81RIO%20DE%20INVESTIGA%C3%87%C3%83O%20%26%20INOVA%C3%87%C3%83O%22%2C%22subtitle%22%3A%22A%20Comiss%C3%A3o%20Europeia%20entregou%20o%20certificado%20%5C%22Selo%20de%20Excel%C3%AAncia%5C%22%20%C3%A0%20Signinum%2C%20pela%20introdu%C3%A7%C3%A3o%20do%20projeto%20XpeCAM%2C%20uma%20c%C3%A2mara%20de%20an%C3%A1lise%20multiespectral%20port%C3%A1til%2C%20que%20permite%20monitorizar%2C%20in%20loco%2C%20o%20estado%20de%20conserva%C3%A7%C3%A3o%20das%20obras%20de%20arte.%22%2C%22separator%22%3A%22true%22%7D%2C%7B%22year%22%3A%222015%22%2C%22title%22%3A%22MEN%C3%87%C3%83O%20HONROSA%20IHRU%22%2C%22subtitle%22%3A%22No%20%C3%A2mbito%20do%20pr%C3%A9mio%20IHRU%202015%20o%20Instituto%20de%20Habita%C3%A7%C3%A3o%20e%20Reabilita%C3%A7%C3%A3o%20Urbana%20(IHRU)%20atribuiu%20uma%20men%C3%A7%C3%A3o%20honrosa%20%C3%A0%20obra%20de%20restauro%20e%20recupera%C3%A7%C3%A3o%20da%20Igreja%20e%20Torre%20dos%20Cl%C3%A9rigos.%22%2C%22separator%22%3A%22true%22%7D%5D&#8221;]<\/div><\/div><\/div><div class=\"wpb_column vc_column_container vc_col-sm-12 vc_col-md-6\"><div class=\"vc_column-inner\"><div class=\"wpb_wrapper\">[vc_awards list_awards=&#8221;%5B%7B%22year%22%3A%222019%22%2C%22title%22%3A%22MEN%C3%87%C3%83O%20HONROSA%20DA%20PNRU%22%2C%22subtitle%22%3A%22O%20restauro%20do%20edif%C3%ADcio%20da%20C%C3%A2mara%20Municipal%20de%20Braga%20foi%20distinguido%20com%20uma%20men%C3%A7%C3%A3o%20honrosa%20na%20s%C3%A9tima%20edi%C3%A7%C3%A3o%20do%20Pr%C3%A9mio%20Nacional%20de%20Reabilita%C3%A7%C3%A3o%20Urbana%20(PNRU).%22%2C%22separator%22%3A%22true%22%7D%2C%7B%22year%22%3A%222017%22%2C%22title%22%3A%22PR%C3%89MIO%20EUROPA%20NOSTRA%2C%20DA%20UNI%C3%83O%20EUROPEIA%22%2C%22subtitle%22%3A%22A%20recupera%C3%A7%C3%A3o%20dos%20Cl%C3%A9rigos%20venceu%20na%20categoria%20de%20Conserva%C3%A7%C3%A3o%20e%20Restauro%2C%20gra%C3%A7as%20ao%20seu%20%5C%22restauro%20abrangente%5C%22%20realizado%20ao%20longo%20de%20dois%20anos.%22%2C%22separator%22%3A%22true%22%7D%2C%7B%22year%22%3A%222015%22%2C%22title%22%3A%22PR%C3%89MIO%20VASCO%20VILALVA%202015%2C%20DA%20FUNDA%C3%87%C3%83O%20GULBENKIAN%22%2C%22subtitle%22%3A%22O%20projeto%20de%20restauro%20e%20recupera%C3%A7%C3%A3o%20da%20Igreja%20e%20Torre%20dos%20Cl%C3%A9rigos%20venceu%20a%209.%C2%AA%20edi%C3%A7%C3%A3o%20do%20Pr%C3%A9mio%20Vasco%20Vilalva.%22%2C%22separator%22%3A%22true%22%7D%5D&#8221;]<\/div><\/div><\/div><\/div><div data-vc-full-width=\"true\" data-vc-full-width-init=\"false\" data-vc-stretch-content=\"true\" class=\"vc_row wpb_row vc_row-fluid vc_row-no-padding  margin-lg-105t margin-sm-50t\"><div class=\"wpb_column vc_column_container vc_col-sm-12\"><div class=\"vc_column-inner\"><div class=\"wpb_wrapper\">[vc_wrapper title=&#8221;Expandir faz parte do nosso ADN&#8221; subtitle=&#8221;EMPRESAS DO GRUPO DASIGNINUM&#8221; image=&#8221;3247&#8243; color_style=&#8221;light&#8221;]<div class=\"vc_row wpb_row vc_inner vc_row-fluid\"><div class=\"wpb_column vc_column_container vc_col-sm-4\"><div class=\"vc_column-inner\"><div class=\"wpb_wrapper\">[vc_clients clients_style=&#8221;default_style&#8221; image=&#8221;3305&#8243; link=&#8221;url:https%3A%2F%2Fwww.xpectraltek.com%2F|title:Visitar|target:_blank&#8221;]<\/div><\/div><\/div><div class=\"wpb_column vc_column_container vc_col-sm-4\"><div class=\"vc_column-inner\"><div class=\"wpb_wrapper\">[vc_clients clients_style=&#8221;default_style&#8221; image=&#8221;3303&#8243; link=&#8221;url:https%3A%2F%2Fla2culture.com%2F|title:Visitar|target:_blank&#8221;]<\/div><\/div><\/div><div class=\"wpb_column vc_column_container vc_col-sm-4\"><div class=\"vc_column-inner\"><div class=\"wpb_wrapper\">[vc_clients clients_style=&#8221;default_style&#8221; image=&#8221;3304&#8243; link=&#8221;url:https%3A%2F%2Fwonderfulday.pt%2F|title:Visitar|target:_blank&#8221;]<\/div><\/div><\/div><\/div><div class=\"vc_row wpb_row vc_inner vc_row-fluid\"><div class=\"wpb_column vc_column_container vc_col-sm-4\"><div class=\"vc_column-inner\"><div class=\"wpb_wrapper\">[vc_clients clients_style=&#8221;default_style&#8221; image=&#8221;3302&#8243; link=&#8221;url:https%3A%2F%2Fwww.horizonte-secular.pt%2F|title:Visitar|target:_blank&#8221;]<\/div><\/div><\/div><div class=\"wpb_column vc_column_container vc_col-sm-4\"><div class=\"vc_column-inner\"><div class=\"wpb_wrapper\">[vc_clients clients_style=&#8221;default_style&#8221; image=&#8221;4027&#8243; link=&#8221;url:https%3A%2F%2Fsmart2serve.pt|title:Visitar|target:_blank&#8221;]<\/div><\/div><\/div><div class=\"wpb_column vc_column_container vc_col-sm-4\"><div class=\"vc_column-inner\"><div class=\"wpb_wrapper\">[vc_clients clients_style=&#8221;default_style&#8221; image=&#8221;4028&#8243; link=&#8221;url:https%3A%2F%2Fwww.estruturalimpa.pt%2F|title:Visitar|target:_blank&#8221;]<\/div><\/div><\/div><\/div>[\/vc_wrapper]<\/div><\/div><\/div><\/div><div class=\"vc_row-full-width vc_clearfix\"><\/div><div class=\"vc_row wpb_row vc_row-fluid  margin-lg-0t margin-sm-20t\"><div class=\"wpb_column vc_column_container vc_col-sm-12 vc_col-lg-offset-0 vc_col-lg-6 vc_col-md-offset-0 vc_col-md-6 vc_col-sm-offset-0 vc_col-xs-12\"><div class=\"vc_column-inner\"><div class=\"wpb_wrapper\">[vc_headings title=&#8221;FALE CONNOSCO&#8221; subtitle=&#8221;CONTACTOS&#8221;]Empresa fundada em 2001, com o intuito de responder a um mercado cada vez mais exigente na preserva\u00e7\u00e3o do patrim\u00f3nio.[\/vc_headings]<div class=\"vc_row wpb_row vc_inner vc_row-fluid vc_custom_1484117815051\"><div class=\"wpb_column vc_column_container vc_col-sm-4\"><div class=\"vc_column-inner\"><div class=\"wpb_wrapper\">[vc_address title=&#8221;TELEFONE&#8221; separator=&#8221;true&#8221;]<a href=\"tel:+351 253 944 044\">+351 253 944 044<\/a>[\/vc_address]<\/div><\/div><\/div><div class=\"wpb_column vc_column_container vc_col-sm-4\"><div class=\"vc_column-inner\"><div class=\"wpb_wrapper\">[vc_address title=&#8221;EMAIL&#8221; separator=&#8221;true&#8221;]<a href=\"mailto:signinum@signinum.pt\">signinum@signinum.pt<\/a>[\/vc_address]<\/div><\/div><\/div><\/div><\/div><\/div><\/div><div class=\"wpb_column vc_column_container vc_col-sm-12 vc_col-md-6 vc_col-xs-12  margin-lg-170t margin-sm-40t\"><div class=\"vc_column-inner vc_custom_1488483852815\"><div class=\"wpb_wrapper\">[vc_formidable form=&#8221;1&#8243;]<\/div><\/div><\/div><\/div><div class=\"vc_row wpb_row vc_row-fluid\"><div class=\"wpb_column vc_column_container vc_col-sm-12\"><div class=\"vc_column-inner\"><div class=\"wpb_wrapper\"><\/div><\/div><\/div><\/div>\n<\/section>","protected":false},"excerpt":{"rendered":"[vc_banner_title style=\"big\" color_style=\"light\" subtitle=\"A VALORIZAR PATRIM\u00d3NIO DESDE 2001\" title=\"SIGNINUM 25 ANOS\" img=\"3236\" style_button=\"creative\" enable_overlay=\"true\" enable_fullheight=\"true\" columns=\"%5B%7B%7D%5D\"][\/vc_banner_title][vc_headings vertical_line=\"true\" title=\"\u00daltimos Projectos\" class=\"``title\"][\/vc_headings][vc_projects_posts","protected":false},"author":1,"featured_media":0,"parent":0,"menu_order":0,"comment_status":"closed","ping_status":"closed","template":"","meta":{"om_disable_all_campaigns":false,"_monsterinsights_skip_tracking":false,"_monsterinsights_sitenote_active":false,"_monsterinsights_sitenote_note":"","_monsterinsights_sitenote_category":0,"_uf_show_specific_survey":0,"_uf_disable_surveys":false,"footnotes":""},"class_list":["post-961","page","type-page","status-publish","hentry"],"aioseo_notices":[],"featured_image_src":null,"featured_image_src_square":null,"_links":{"self":[{"href":"https:\/\/signinum.pt\/en\/wp-json\/wp\/v2\/pages\/961","targetHints":{"allow":["GET"]}}],"collection":[{"href":"https:\/\/signinum.pt\/en\/wp-json\/wp\/v2\/pages"}],"about":[{"href":"https:\/\/signinum.pt\/en\/wp-json\/wp\/v2\/types\/page"}],"author":[{"embeddable":true,"href":"https:\/\/signinum.pt\/en\/wp-json\/wp\/v2\/users\/1"}],"replies":[{"embeddable":true,"href":"https:\/\/signinum.pt\/en\/wp-json\/wp\/v2\/comments?post=961"}],"version-history":[{"count":71,"href":"https:\/\/signinum.pt\/en\/wp-json\/wp\/v2\/pages\/961\/revisions"}],"predecessor-version":[{"id":4108,"href":"https:\/\/signinum.pt\/en\/wp-json\/wp\/v2\/pages\/961\/revisions\/4108"}],"wp:attachment":[{"href":"https:\/\/signinum.pt\/en\/wp-json\/wp\/v2\/media?parent=961"}],"curies":[{"name":"wp","href":"https:\/\/api.w.org\/{rel}","templated":true}]}}